{"id":5355,"date":"2025-11-27T21:19:59","date_gmt":"2025-11-27T20:19:59","guid":{"rendered":"https:\/\/www.leier.sk\/?post_type=product&#038;p=5355"},"modified":"2025-12-03T07:45:33","modified_gmt":"2025-12-03T06:45:33","slug":"zabrana-proti-slimakom-pre-durisol-vysoky-zahon","status":"publish","type":"product","link":"https:\/\/www.leier.sk\/en\/eshop\/durisol-vysoky-zahon\/zabrana-proti-slimakom-pre-durisol-vysoky-zahon\/","title":{"rendered":"Z\u00e1brana proti slim\u00e1kom pre Durisol vysok\u00fd z\u00e1hon"},"content":{"rendered":"<p class=\"p1\"><span class=\"s1\">Z\u00e1brana proti slim\u00e1kom pre vysok\u00fd z\u00e1hon Durisol je doplnok, ktor\u00fd poskytuje spo\u013eahliv\u00fa ochranu rastlin\u00e1m bez pou\u017eitia chemick\u00fdch postrekov. Tento doplnok je kompatibiln\u00fd v\u00fdhradne s obd\u013a\u017enikov\u00fdm vysok\u00fdm z\u00e1honom, na ktor\u00fd sa jednoducho upevn\u00ed a okam\u017eite za\u010dne plni\u0165 svoju funkciu. Z\u00e1brana je tvarovan\u00e1 tak, aby slim\u00e1kom znemo\u017enila preliez\u0165 do pestovacej \u010dasti, \u010d\u00edm z\u00e1sadne zni\u017euje riziko po\u0161kodenia rastl\u00edn. Z\u00e1rove\u0148 p\u00f4sob\u00ed esteticky a zachov\u00e1va si \u010dist\u00fd vzh\u013ead. Predstavuje jednoduch\u00fd sp\u00f4sob, ako zabezpe\u010di\u0165 zdrav\u00fd rast rastl\u00edn a stabiln\u00fa \u00farodu po\u010das cel\u00e9ho roka.<\/span><\/p>\n<h2>V\u00fdhody vysok\u00e9ho z\u00e1hona Durisol<\/h2>\n<ul>\n<li class=\"li1\"><span class=\"s1\">pr\u00edrodn\u00fd ekologick\u00fd materi\u00e1l<\/span><\/li>\n<li class=\"li1\"><span class=\"s1\">100% recyklovate\u013en\u00fd<\/span><\/li>\n<li class=\"li1\"><span class=\"s1\">paropriepustn\u00fd <\/span><\/li>\n<li class=\"li1\"><span class=\"s1\">dlh\u00e1 \u017eivotnos\u0165 aj v styku s p\u00f4dou<\/span><\/li>\n<li class=\"li1\"><span class=\"s1\">odoln\u00fd proti mrazom<\/span><\/li>\n<li class=\"li1\"><span class=\"s1\">neobsahuje \u017eiadne \u0161kodliv\u00e9 l\u00e1tky ani plasty<\/span><\/li>\n<li class=\"li1\"><span class=\"s1\">jednoduch\u00e1 a r\u00fdchla mont\u00e1\u017e<\/span><\/li>\n<li class=\"li1\"><span class=\"s1\">variabiln\u00e1 modulov\u00e1 sklada\u010dka<\/span><\/li>\n<li class=\"li1\"><span class=\"s1\">elegantn\u00fd dizajn<\/span><\/li>\n<li class=\"li1\"><span class=\"s1\">nie je potrebn\u00fd z\u00e1klad <\/span><\/li>\n<li class=\"li1\"><span class=\"s1\">nie je potrebn\u00e9 pou\u017ei\u0165 zvn\u00fatra f\u00f3liu<\/span><\/li>\n<li class=\"li1\"><span class=\"s1\">n\u00edzka objemov\u00e1 hmotnos\u0165<\/span><\/li>\n<\/ul>\n<h2>Durisol<\/h2>\n<p class=\"p1\"><span class=\"s1\">Durisol je inovat\u00edvny materi\u00e1l na \u010disto pr\u00edrodnej b\u00e1ze, ktor\u00fd si zachov\u00e1va vynikaj\u00face fyzik\u00e1lne vlastnosti a poskytujte tak revolu\u010dn\u00e9 rie\u0161enie pre t\u00fdch, ktor\u00ed myslia na ochranu \u017eivotn\u00e9ho prostredia. Vysok\u00fd z\u00e1hon z tohto materi\u00e1lu v\u00e1m tak pon\u00fakne mnoho benefitov. <\/span><\/p>\n<h2>Dodatky<\/h2>\n<p class=\"p1\"><span class=\"s2\">V\u0161etky fotky s\u00fa ilustra\u010dn\u00e9. Farby sa m\u00f4\u017eu l\u00ed\u0161i\u0165 od skuto\u010dnosti. Mal\u00e9 rozmerov\u00e9 \u010di farebn\u00e9 odch\u00fdlky m\u00f4\u017eu by\u0165 sp\u00f4soben\u00e9 technologick\u00fdmi vadami. S\u00fa\u010das\u0165ou vysok\u00e9ho z\u00e1hona nie je hnojivo ani in\u00e9 s\u00fa\u010dasti potrebn\u00e9 k pestovaniu. Z\u00e1hon je dod\u00e1van\u00fd v demontovanom stave. F\u00f3liovn\u00edkov\u00e1 nadstavba sa k z\u00e1honu dokupuje samostatne.<\/span><\/p>\n<h2 class=\"p1\"><span class=\"s1\"><b>Inform\u00e1cie o doru\u010den\u00ed<\/b><\/span><\/h2>\n<p class=\"p2\"><span class=\"s1\">Predpokladan\u00fd \u010das doru\u010denia 2 t\u00fd\u017edne.<\/span><\/p>\n<p><iframe loading=\"lazy\" title=\"YouTube video player\" src=\"https:\/\/www.youtube.com\/embed\/qvG9fvt5wHY?si=shRenDd7NvqvDHHl\" width=\"560\" height=\"315\" frameborder=\"0\" allowfullscreen=\"allowfullscreen\"><\/iframe><\/p>","protected":false},"excerpt":{"rendered":"<p class=\"p1\"><span class=\"s1\">Z\u00e1brana proti slim\u00e1kom poskytuje spo\u013eahliv\u00fa ochranu pre vysaden\u00e9 rastliny aj bez pou\u017eitia chemick\u00fdch postrekov. Jednoducho sa upevn\u00ed a vytvor\u00ed pevn\u00fa z\u00e1branu, \u010do znemo\u017en\u00ed slim\u00e1kom preliez\u0165 do vn\u00fatra vysok\u00e9ho z\u00e1hona. Mont\u00e1\u017e je mo\u017en\u00e1 len na vysok\u00fd z\u00e1hon v tvare R &#8211; obd\u013a\u017enik.<\/span><\/p>\n<h2>Parametre vysok\u00e9ho z\u00e1hona R, pre ktor\u00fd je z\u00e1brana ur\u010den\u00e1:<\/h2>\n<p class=\"p1\"><span class=\"s1\">D\u013a\u017eka: 230 cm<\/span><\/p>\n<p class=\"p1\"><span class=\"s1\">\u0160\u00edrka: 120 cm<\/span><\/p>\n<p><span class=\"s1\">V\u00fd\u0161ka: 80 cm<\/span><\/p>\n<p><strong><span class=\"s2\">Uveden\u00e1 cena je cena za cel\u00fa sadu ur\u010den\u00fa na vysok\u00fd z\u00e1hon. Sada obsahuje 6 ks z\u00e1bran.<\/span><\/strong><\/p>","protected":false},"featured_media":5356,"template":"","meta":[],"product_brand":[],"product_cat":[159],"product_tag":[],"class_list":{"0":"post-5355","1":"product","2":"type-product","3":"status-publish","4":"has-post-thumbnail","6":"product_cat-durisol-vysoky-zahon","8":"first","9":"instock","10":"taxable","11":"shipping-taxable","12":"purchasable","13":"product-type-simple"},"yoast_head":"<!-- This site is optimized with the Yoast SEO plugin v27.4 - https:\/\/yoast.com\/product\/yoast-seo-wordpress\/ -->\n<title>Z\u00e1brana proti slim\u00e1kom pre Durisol vysok\u00fd z\u00e1hon | Leier.sk<\/title>\n<meta name=\"robots\" content=\"noindex, follow\" \/>\n<meta property=\"og:locale\" content=\"en_GB\" \/>\n<meta property=\"og:type\" content=\"article\" \/>\n<meta property=\"og:title\" content=\"Z\u00e1brana proti slim\u00e1kom pre Durisol vysok\u00fd z\u00e1hon | Leier.sk\" \/>\n<meta property=\"og:description\" content=\"Z\u00e1brana proti slim\u00e1kom poskytuje spo\u013eahliv\u00fa ochranu pre vysaden\u00e9 rastliny aj bez pou\u017eitia chemick\u00fdch postrekov. Jednoducho sa upevn\u00ed a vytvor\u00ed pevn\u00fa z\u00e1branu, \u010do znemo\u017en\u00ed slim\u00e1kom preliez\u0165 do vn\u00fatra vysok\u00e9ho z\u00e1hona. Mont\u00e1\u017e je mo\u017en\u00e1 len na vysok\u00fd z\u00e1hon v tvare R - obd\u013a\u017enik.  Parametre vysok\u00e9ho z\u00e1hona R, pre ktor\u00fd je z\u00e1brana ur\u010den\u00e1: D\u013a\u017eka: 230 cm \u0160\u00edrka: 120 cm V\u00fd\u0161ka: 80 cm  Uveden\u00e1 cena je cena za cel\u00fa sadu ur\u010den\u00fa na vysok\u00fd z\u00e1hon. Sada obsahuje 6 ks z\u00e1bran.\" \/>\n<meta property=\"og:url\" content=\"https:\/\/www.leier.sk\/en\/eshop\/durisol-vysoky-zahon\/zabrana-proti-slimakom-pre-durisol-vysoky-zahon\/\" \/>\n<meta property=\"og:site_name\" content=\"Leier.sk\" \/>\n<meta property=\"article:publisher\" content=\"https:\/\/www.facebook.com\/LeierSlovakia\/\" \/>\n<meta property=\"article:modified_time\" content=\"2025-12-03T06:45:33+00:00\" \/>\n<meta property=\"og:image\" content=\"https:\/\/www.leier.sk\/wp-content\/uploads\/2025\/11\/VZ_simak-copy-ko\u0301pia2-scaled.jpg\" \/>\n\t<meta property=\"og:image:width\" content=\"2560\" \/>\n\t<meta property=\"og:image:height\" content=\"1703\" \/>\n\t<meta property=\"og:image:type\" content=\"image\/jpeg\" \/>\n<meta name=\"twitter:card\" content=\"summary_large_image\" \/>\n<meta name=\"twitter:label1\" content=\"Estimated reading time\" \/>\n\t<meta name=\"twitter:data1\" content=\"2 minutes\" \/>\n<script type=\"application\/ld+json\" class=\"yoast-schema-graph\">{\"@context\":\"https:\\\/\\\/schema.org\",\"@graph\":[{\"@type\":\"WebPage\",\"@id\":\"https:\\\/\\\/www.leier.sk\\\/eshop\\\/durisol-vysoky-zahon\\\/zabrana-proti-slimakom-pre-durisol-vysoky-zahon\\\/\",\"url\":\"https:\\\/\\\/www.leier.sk\\\/eshop\\\/durisol-vysoky-zahon\\\/zabrana-proti-slimakom-pre-durisol-vysoky-zahon\\\/\",\"name\":\"Z\u00e1brana proti slim\u00e1kom pre Durisol vysok\u00fd z\u00e1hon | Leier.sk\",\"isPartOf\":{\"@id\":\"https:\\\/\\\/www.leier.sk\\\/#website\"},\"primaryImageOfPage\":{\"@id\":\"https:\\\/\\\/www.leier.sk\\\/eshop\\\/durisol-vysoky-zahon\\\/zabrana-proti-slimakom-pre-durisol-vysoky-zahon\\\/#primaryimage\"},\"image\":{\"@id\":\"https:\\\/\\\/www.leier.sk\\\/eshop\\\/durisol-vysoky-zahon\\\/zabrana-proti-slimakom-pre-durisol-vysoky-zahon\\\/#primaryimage\"},\"thumbnailUrl\":\"https:\\\/\\\/www.leier.sk\\\/wp-content\\\/uploads\\\/2025\\\/11\\\/VZ_simak-copy-ko\u0301pia2-scaled.jpg\",\"datePublished\":\"2025-11-27T20:19:59+00:00\",\"dateModified\":\"2025-12-03T06:45:33+00:00\",\"breadcrumb\":{\"@id\":\"https:\\\/\\\/www.leier.sk\\\/eshop\\\/durisol-vysoky-zahon\\\/zabrana-proti-slimakom-pre-durisol-vysoky-zahon\\\/#breadcrumb\"},\"inLanguage\":\"en-GB\",\"potentialAction\":[{\"@type\":\"ReadAction\",\"target\":[\"https:\\\/\\\/www.leier.sk\\\/eshop\\\/durisol-vysoky-zahon\\\/zabrana-proti-slimakom-pre-durisol-vysoky-zahon\\\/\"]}]},{\"@type\":\"ImageObject\",\"inLanguage\":\"en-GB\",\"@id\":\"https:\\\/\\\/www.leier.sk\\\/eshop\\\/durisol-vysoky-zahon\\\/zabrana-proti-slimakom-pre-durisol-vysoky-zahon\\\/#primaryimage\",\"url\":\"https:\\\/\\\/www.leier.sk\\\/wp-content\\\/uploads\\\/2025\\\/11\\\/VZ_simak-copy-ko\u0301pia2-scaled.jpg\",\"contentUrl\":\"https:\\\/\\\/www.leier.sk\\\/wp-content\\\/uploads\\\/2025\\\/11\\\/VZ_simak-copy-ko\u0301pia2-scaled.jpg\",\"width\":2560,\"height\":1703},{\"@type\":\"BreadcrumbList\",\"@id\":\"https:\\\/\\\/www.leier.sk\\\/eshop\\\/durisol-vysoky-zahon\\\/zabrana-proti-slimakom-pre-durisol-vysoky-zahon\\\/#breadcrumb\",\"itemListElement\":[{\"@type\":\"ListItem\",\"position\":1,\"name\":\"Domov\",\"item\":\"https:\\\/\\\/www.leier.sk\\\/\"},{\"@type\":\"ListItem\",\"position\":2,\"name\":\"Durisol vysok\u00fd z\u00e1hon\",\"item\":\"https:\\\/\\\/www.leier.sk\\\/kategoria-produktu\\\/durisol-vysoky-zahon\\\/\"},{\"@type\":\"ListItem\",\"position\":3,\"name\":\"Z\u00e1brana proti slim\u00e1kom pre Durisol vysok\u00fd z\u00e1hon\"}]},{\"@type\":\"WebSite\",\"@id\":\"https:\\\/\\\/www.leier.sk\\\/#website\",\"url\":\"https:\\\/\\\/www.leier.sk\\\/\",\"name\":\"Leier.sk\",\"description\":\"V materi\u00e1loch sme doma\",\"publisher\":{\"@id\":\"https:\\\/\\\/www.leier.sk\\\/#organization\"},\"potentialAction\":[{\"@type\":\"SearchAction\",\"target\":{\"@type\":\"EntryPoint\",\"urlTemplate\":\"https:\\\/\\\/www.leier.sk\\\/?s={search_term_string}\"},\"query-input\":{\"@type\":\"PropertyValueSpecification\",\"valueRequired\":true,\"valueName\":\"search_term_string\"}}],\"inLanguage\":\"en-GB\"},{\"@type\":\"Organization\",\"@id\":\"https:\\\/\\\/www.leier.sk\\\/#organization\",\"name\":\"Leier\",\"url\":\"https:\\\/\\\/www.leier.sk\\\/\",\"logo\":{\"@type\":\"ImageObject\",\"inLanguage\":\"en-GB\",\"@id\":\"https:\\\/\\\/www.leier.sk\\\/#\\\/schema\\\/logo\\\/image\\\/\",\"url\":\"https:\\\/\\\/www.leier.sk\\\/wp-content\\\/uploads\\\/2022\\\/02\\\/logo-leier-inverse.png\",\"contentUrl\":\"https:\\\/\\\/www.leier.sk\\\/wp-content\\\/uploads\\\/2022\\\/02\\\/logo-leier-inverse.png\",\"width\":582,\"height\":179,\"caption\":\"Leier\"},\"image\":{\"@id\":\"https:\\\/\\\/www.leier.sk\\\/#\\\/schema\\\/logo\\\/image\\\/\"},\"sameAs\":[\"https:\\\/\\\/www.facebook.com\\\/LeierSlovakia\\\/\",\"https:\\\/\\\/www.youtube.com\\\/channel\\\/UC56YB_Knhf5YvAJK_Bk-hYg\"]}]}<\/script>\n<!-- \/ Yoast SEO plugin. -->","yoast_head_json":{"title":"Z\u00e1brana proti slim\u00e1kom pre Durisol vysok\u00fd z\u00e1hon | Leier.sk","robots":{"index":"noindex","follow":"follow"},"og_locale":"en_GB","og_type":"article","og_title":"Z\u00e1brana proti slim\u00e1kom pre Durisol vysok\u00fd z\u00e1hon | Leier.sk","og_description":"Z\u00e1brana proti slim\u00e1kom poskytuje spo\u013eahliv\u00fa ochranu pre vysaden\u00e9 rastliny aj bez pou\u017eitia chemick\u00fdch postrekov. Jednoducho sa upevn\u00ed a vytvor\u00ed pevn\u00fa z\u00e1branu, \u010do znemo\u017en\u00ed slim\u00e1kom preliez\u0165 do vn\u00fatra vysok\u00e9ho z\u00e1hona. Mont\u00e1\u017e je mo\u017en\u00e1 len na vysok\u00fd z\u00e1hon v tvare R - obd\u013a\u017enik.  Parametre vysok\u00e9ho z\u00e1hona R, pre ktor\u00fd je z\u00e1brana ur\u010den\u00e1: D\u013a\u017eka: 230 cm \u0160\u00edrka: 120 cm V\u00fd\u0161ka: 80 cm  Uveden\u00e1 cena je cena za cel\u00fa sadu ur\u010den\u00fa na vysok\u00fd z\u00e1hon. Sada obsahuje 6 ks z\u00e1bran.","og_url":"https:\/\/www.leier.sk\/en\/eshop\/durisol-vysoky-zahon\/zabrana-proti-slimakom-pre-durisol-vysoky-zahon\/","og_site_name":"Leier.sk","article_publisher":"https:\/\/www.facebook.com\/LeierSlovakia\/","article_modified_time":"2025-12-03T06:45:33+00:00","og_image":[{"width":2560,"height":1703,"url":"https:\/\/www.leier.sk\/wp-content\/uploads\/2025\/11\/VZ_simak-copy-ko\u0301pia2-scaled.jpg","type":"image\/jpeg"}],"twitter_card":"summary_large_image","twitter_misc":{"Estimated reading time":"2 minutes"},"schema":{"@context":"https:\/\/schema.org","@graph":[{"@type":"WebPage","@id":"https:\/\/www.leier.sk\/eshop\/durisol-vysoky-zahon\/zabrana-proti-slimakom-pre-durisol-vysoky-zahon\/","url":"https:\/\/www.leier.sk\/eshop\/durisol-vysoky-zahon\/zabrana-proti-slimakom-pre-durisol-vysoky-zahon\/","name":"Z\u00e1brana proti slim\u00e1kom pre Durisol vysok\u00fd z\u00e1hon | Leier.sk","isPartOf":{"@id":"https:\/\/www.leier.sk\/#website"},"primaryImageOfPage":{"@id":"https:\/\/www.leier.sk\/eshop\/durisol-vysoky-zahon\/zabrana-proti-slimakom-pre-durisol-vysoky-zahon\/#primaryimage"},"image":{"@id":"https:\/\/www.leier.sk\/eshop\/durisol-vysoky-zahon\/zabrana-proti-slimakom-pre-durisol-vysoky-zahon\/#primaryimage"},"thumbnailUrl":"https:\/\/www.leier.sk\/wp-content\/uploads\/2025\/11\/VZ_simak-copy-ko\u0301pia2-scaled.jpg","datePublished":"2025-11-27T20:19:59+00:00","dateModified":"2025-12-03T06:45:33+00:00","breadcrumb":{"@id":"https:\/\/www.leier.sk\/eshop\/durisol-vysoky-zahon\/zabrana-proti-slimakom-pre-durisol-vysoky-zahon\/#breadcrumb"},"inLanguage":"en-GB","potentialAction":[{"@type":"ReadAction","target":["https:\/\/www.leier.sk\/eshop\/durisol-vysoky-zahon\/zabrana-proti-slimakom-pre-durisol-vysoky-zahon\/"]}]},{"@type":"ImageObject","inLanguage":"en-GB","@id":"https:\/\/www.leier.sk\/eshop\/durisol-vysoky-zahon\/zabrana-proti-slimakom-pre-durisol-vysoky-zahon\/#primaryimage","url":"https:\/\/www.leier.sk\/wp-content\/uploads\/2025\/11\/VZ_simak-copy-ko\u0301pia2-scaled.jpg","contentUrl":"https:\/\/www.leier.sk\/wp-content\/uploads\/2025\/11\/VZ_simak-copy-ko\u0301pia2-scaled.jpg","width":2560,"height":1703},{"@type":"BreadcrumbList","@id":"https:\/\/www.leier.sk\/eshop\/durisol-vysoky-zahon\/zabrana-proti-slimakom-pre-durisol-vysoky-zahon\/#breadcrumb","itemListElement":[{"@type":"ListItem","position":1,"name":"Domov","item":"https:\/\/www.leier.sk\/"},{"@type":"ListItem","position":2,"name":"Durisol vysok\u00fd z\u00e1hon","item":"https:\/\/www.leier.sk\/kategoria-produktu\/durisol-vysoky-zahon\/"},{"@type":"ListItem","position":3,"name":"Z\u00e1brana proti slim\u00e1kom pre Durisol vysok\u00fd z\u00e1hon"}]},{"@type":"WebSite","@id":"https:\/\/www.leier.sk\/#website","url":"https:\/\/www.leier.sk\/","name":"Leier.sk","description":"V materi\u00e1loch sme doma","publisher":{"@id":"https:\/\/www.leier.sk\/#organization"},"potentialAction":[{"@type":"SearchAction","target":{"@type":"EntryPoint","urlTemplate":"https:\/\/www.leier.sk\/?s={search_term_string}"},"query-input":{"@type":"PropertyValueSpecification","valueRequired":true,"valueName":"search_term_string"}}],"inLanguage":"en-GB"},{"@type":"Organization","@id":"https:\/\/www.leier.sk\/#organization","name":"Leier","url":"https:\/\/www.leier.sk\/","logo":{"@type":"ImageObject","inLanguage":"en-GB","@id":"https:\/\/www.leier.sk\/#\/schema\/logo\/image\/","url":"https:\/\/www.leier.sk\/wp-content\/uploads\/2022\/02\/logo-leier-inverse.png","contentUrl":"https:\/\/www.leier.sk\/wp-content\/uploads\/2022\/02\/logo-leier-inverse.png","width":582,"height":179,"caption":"Leier"},"image":{"@id":"https:\/\/www.leier.sk\/#\/schema\/logo\/image\/"},"sameAs":["https:\/\/www.facebook.com\/LeierSlovakia\/","https:\/\/www.youtube.com\/channel\/UC56YB_Knhf5YvAJK_Bk-hYg"]}]}},"_links":{"self":[{"href":"https:\/\/www.leier.sk\/en\/wp-json\/wp\/v2\/product\/5355","targetHints":{"allow":["GET"]}}],"collection":[{"href":"https:\/\/www.leier.sk\/en\/wp-json\/wp\/v2\/product"}],"about":[{"href":"https:\/\/www.leier.sk\/en\/wp-json\/wp\/v2\/types\/product"}],"wp:featuredmedia":[{"embeddable":true,"href":"https:\/\/www.leier.sk\/en\/wp-json\/wp\/v2\/media\/5356"}],"wp:attachment":[{"href":"https:\/\/www.leier.sk\/en\/wp-json\/wp\/v2\/media?parent=5355"}],"wp:term":[{"taxonomy":"product_brand","embeddable":true,"href":"https:\/\/www.leier.sk\/en\/wp-json\/wp\/v2\/product_brand?post=5355"},{"taxonomy":"product_cat","embeddable":true,"href":"https:\/\/www.leier.sk\/en\/wp-json\/wp\/v2\/product_cat?post=5355"},{"taxonomy":"product_tag","embeddable":true,"href":"https:\/\/www.leier.sk\/en\/wp-json\/wp\/v2\/product_tag?post=5355"}],"curies":[{"name":"wp","href":"https:\/\/api.w.org\/{rel}","templated":true}]}}