{"id":3595,"date":"2024-11-27T15:49:27","date_gmt":"2024-11-27T14:49:27","guid":{"rendered":"https:\/\/www.leier.sk\/?post_type=product&#038;p=3595"},"modified":"2025-06-19T20:45:42","modified_gmt":"2025-06-19T18:45:42","slug":"durisol-vinoteka-montazna-paska","status":"publish","type":"product","link":"https:\/\/www.leier.sk\/en\/eshop\/durisol-vinoteka\/durisol-vinoteka-montazna-paska\/","title":{"rendered":"Durisol vinot\u00e9ka &#8211; Mont\u00e1\u017ena p\u00e1ska"},"content":{"rendered":"<h2>Vinot\u00e9ka Durisol<\/h2>\n<p>Thanks to its universal design, the Durisol wine cabinet fits into any wine cellar designed in a classic but also a modern style. The shelving system creates a safe structure that can be easily and independently assembled, disassembled and moved due to its low weight. Wine cabinet fittings are made in various modular designs that can be easily expanded. According to our satisfied customers, the possibility of simple relocation and variation is the biggest advantage, along with others such as design and natural ecological material. Thanks to the Durisol material, the product has a long service life and is resistant to mold, pests and fire.<\/p>\n<h2>V\u00fdhody vinot\u00e9ky Durisol<\/h2>\n<ul>\n<li class=\"li1\"><span class=\"s1\">pr\u00edrodn\u00fd ekologick\u00fd materi\u00e1l <\/span><\/li>\n<li class=\"li1\"><span class=\"s1\">neobsahuje \u017eiadne \u0161kodliv\u00e9 l\u00e1tky ani plasty<\/span><\/li>\n<li class=\"li1\"><span class=\"s1\">odolnos\u0165 proti plesniam i \u0161kodcom<\/span><\/li>\n<li class=\"li1\"><span class=\"s1\">odolnos\u0165 vo\u010di mrazu<\/span><\/li>\n<li class=\"li1\"><span class=\"s1\">bezpe\u010dn\u00e9 skladovanie flia\u0161 <\/span><\/li>\n<li class=\"li1\"><span class=\"s1\">atrakt\u00edvny dizajn <\/span><\/li>\n<li class=\"li1\"><span class=\"s1\">mo\u017enos\u0165 variabiln\u00e9ho usporiadania <\/span><\/li>\n<li class=\"li1\"><span class=\"s1\">jednoducho a r\u00fdchlo rozoberate\u013en\u00e9 prvky <\/span><\/li>\n<li class=\"li1\"><span class=\"s1\">mo\u017enos\u0165 modulov\u00e9ho roz\u0161irovania a variovania<\/span><\/li>\n<\/ul>\n<h2>Durisol<\/h2>\n<p class=\"p1\"><span class=\"s1\">Durisol je inovat\u00edvny materi\u00e1l na \u010disto pr\u00edrodnej b\u00e1ze, ktor\u00fd si zachov\u00e1va vynikaj\u00face fyzik\u00e1lne vlastnosti a poskytujte tak revolu\u010dn\u00e9 rie\u0161enie pre t\u00fdch, ktor\u00ed myslia na ochranu \u017eivotn\u00e9ho prostredia.<\/span><\/p>\n<h2>Dodatky<\/h2>\n<p class=\"p1\"><span class=\"s2\">V\u0161etky fotky s\u00fa ilustra\u010dn\u00e9. Farby sa m\u00f4\u017eu l\u00ed\u0161i\u0165 od skuto\u010dnosti. Mal\u00e9 rozmerov\u00e9 \u010di farebn\u00e9 odch\u00fdlky m\u00f4\u017eu by\u0165 sp\u00f4soben\u00e9 technologick\u00fdmi vadami.<\/span><\/p>\n<h2 class=\"p1\"><span class=\"s1\"><b>Inform\u00e1cie o doru\u010den\u00ed<\/b><\/span><\/h2>\n<p class=\"p2\"><span class=\"s1\">Predpokladan\u00fd \u010das doru\u010denia 2 t\u00fd\u017edne.<\/span><\/p>\n<p><iframe loading=\"lazy\" title=\"YouTube video player\" src=\"https:\/\/www.youtube.com\/embed\/0OnxK_fcJyI?si=yw0tZDRNq2hgLtY5\" width=\"560\" height=\"315\" frameborder=\"0\" allowfullscreen=\"allowfullscreen\"><\/iframe><\/p>","protected":false},"excerpt":{"rendered":"<p class=\"p1\"><span class=\"s1\">Na upevnenie jednotliv\u00fdch dielcov vinot\u00e9ky Durisol je potrebn\u00e1 mont\u00e1\u017ena p\u00e1ska, ktor\u00e1 pevne prichyt\u00ed 2 kusy k sebe a zaru\u010d\u00ed pevnos\u0165 a stabilitu reg\u00e1lov\u00e9ho syst\u00e9mu pre bezpe\u010dn\u00e9 skladovanie v\u00ednnych flia\u0161. <\/span><\/p>\n<h2>Parametre:<\/h2>\n<p>Na prichytenie dvoch prvkov vinot\u00e9ky je potrebn\u00fd 1 kus mont\u00e1\u017enej p\u00e1sky.<\/p>\n<p>1 kus = 1 meter<\/p>\n<p>&nbsp;<\/p>","protected":false},"featured_media":3596,"template":"","meta":[],"product_brand":[],"product_cat":[160],"product_tag":[],"class_list":{"0":"post-3595","1":"product","2":"type-product","3":"status-publish","4":"has-post-thumbnail","6":"product_cat-durisol-vinoteka","8":"first","9":"instock","10":"taxable","11":"shipping-taxable","12":"purchasable","13":"product-type-simple"},"yoast_head":"<!-- This site is optimized with the Yoast SEO plugin v27.4 - https:\/\/yoast.com\/product\/yoast-seo-wordpress\/ -->\n<title>Durisol vinot\u00e9ka - Mont\u00e1\u017ena p\u00e1ska | Leier.sk<\/title>\n<meta name=\"robots\" content=\"noindex, follow\" \/>\n<meta property=\"og:locale\" content=\"en_GB\" \/>\n<meta property=\"og:type\" content=\"article\" \/>\n<meta property=\"og:title\" content=\"Durisol vinot\u00e9ka - Mont\u00e1\u017ena p\u00e1ska | Leier.sk\" \/>\n<meta property=\"og:description\" content=\"Na upevnenie jednotliv\u00fdch dielcov vinot\u00e9ky Durisol je potrebn\u00e1 mont\u00e1\u017ena p\u00e1ska, ktor\u00e1 pevne prichyt\u00ed 2 kusy k sebe a zaru\u010d\u00ed pevnos\u0165 a stabilitu reg\u00e1lov\u00e9ho syst\u00e9mu pre bezpe\u010dn\u00e9 skladovanie v\u00ednnych flia\u0161.   Parametre: Na prichytenie dvoch prvkov vinot\u00e9ky je potrebn\u00fd 1 kus mont\u00e1\u017enej p\u00e1sky.  1 kus = 1 meter  &nbsp;\" \/>\n<meta property=\"og:url\" content=\"https:\/\/www.leier.sk\/en\/eshop\/durisol-vinoteka\/durisol-vinoteka-montazna-paska\/\" \/>\n<meta property=\"og:site_name\" content=\"Leier.sk\" \/>\n<meta property=\"article:publisher\" content=\"https:\/\/www.facebook.com\/LeierSlovakia\/\" \/>\n<meta property=\"article:modified_time\" content=\"2025-06-19T18:45:42+00:00\" \/>\n<meta property=\"og:image\" content=\"https:\/\/www.leier.sk\/wp-content\/uploads\/2024\/11\/Gumiszalag-bortarolohoz-64830eb243443.jpg\" \/>\n\t<meta property=\"og:image:width\" content=\"901\" \/>\n\t<meta property=\"og:image:height\" content=\"600\" \/>\n\t<meta property=\"og:image:type\" content=\"image\/jpeg\" \/>\n<meta name=\"twitter:card\" content=\"summary_large_image\" \/>\n<meta name=\"twitter:label1\" content=\"Estimated reading time\" \/>\n\t<meta name=\"twitter:data1\" content=\"2 minutes\" \/>\n<script type=\"application\/ld+json\" class=\"yoast-schema-graph\">{\"@context\":\"https:\\\/\\\/schema.org\",\"@graph\":[{\"@type\":\"WebPage\",\"@id\":\"https:\\\/\\\/www.leier.sk\\\/eshop\\\/durisol-vinoteka\\\/durisol-vinoteka-montazna-paska\\\/\",\"url\":\"https:\\\/\\\/www.leier.sk\\\/eshop\\\/durisol-vinoteka\\\/durisol-vinoteka-montazna-paska\\\/\",\"name\":\"Durisol vinot\u00e9ka - Mont\u00e1\u017ena p\u00e1ska | Leier.sk\",\"isPartOf\":{\"@id\":\"https:\\\/\\\/www.leier.sk\\\/#website\"},\"primaryImageOfPage\":{\"@id\":\"https:\\\/\\\/www.leier.sk\\\/eshop\\\/durisol-vinoteka\\\/durisol-vinoteka-montazna-paska\\\/#primaryimage\"},\"image\":{\"@id\":\"https:\\\/\\\/www.leier.sk\\\/eshop\\\/durisol-vinoteka\\\/durisol-vinoteka-montazna-paska\\\/#primaryimage\"},\"thumbnailUrl\":\"https:\\\/\\\/www.leier.sk\\\/wp-content\\\/uploads\\\/2024\\\/11\\\/Gumiszalag-bortarolohoz-64830eb243443.jpg\",\"datePublished\":\"2024-11-27T14:49:27+00:00\",\"dateModified\":\"2025-06-19T18:45:42+00:00\",\"breadcrumb\":{\"@id\":\"https:\\\/\\\/www.leier.sk\\\/eshop\\\/durisol-vinoteka\\\/durisol-vinoteka-montazna-paska\\\/#breadcrumb\"},\"inLanguage\":\"en-GB\",\"potentialAction\":[{\"@type\":\"ReadAction\",\"target\":[\"https:\\\/\\\/www.leier.sk\\\/eshop\\\/durisol-vinoteka\\\/durisol-vinoteka-montazna-paska\\\/\"]}]},{\"@type\":\"ImageObject\",\"inLanguage\":\"en-GB\",\"@id\":\"https:\\\/\\\/www.leier.sk\\\/eshop\\\/durisol-vinoteka\\\/durisol-vinoteka-montazna-paska\\\/#primaryimage\",\"url\":\"https:\\\/\\\/www.leier.sk\\\/wp-content\\\/uploads\\\/2024\\\/11\\\/Gumiszalag-bortarolohoz-64830eb243443.jpg\",\"contentUrl\":\"https:\\\/\\\/www.leier.sk\\\/wp-content\\\/uploads\\\/2024\\\/11\\\/Gumiszalag-bortarolohoz-64830eb243443.jpg\",\"width\":901,\"height\":600},{\"@type\":\"BreadcrumbList\",\"@id\":\"https:\\\/\\\/www.leier.sk\\\/eshop\\\/durisol-vinoteka\\\/durisol-vinoteka-montazna-paska\\\/#breadcrumb\",\"itemListElement\":[{\"@type\":\"ListItem\",\"position\":1,\"name\":\"Domov\",\"item\":\"https:\\\/\\\/www.leier.sk\\\/\"},{\"@type\":\"ListItem\",\"position\":2,\"name\":\"Durisol vinot\u00e9ka\",\"item\":\"https:\\\/\\\/www.leier.sk\\\/kategoria-produktu\\\/durisol-vinoteka\\\/\"},{\"@type\":\"ListItem\",\"position\":3,\"name\":\"Durisol vinot\u00e9ka &#8211; Mont\u00e1\u017ena p\u00e1ska\"}]},{\"@type\":\"WebSite\",\"@id\":\"https:\\\/\\\/www.leier.sk\\\/#website\",\"url\":\"https:\\\/\\\/www.leier.sk\\\/\",\"name\":\"Leier.sk\",\"description\":\"V materi\u00e1loch sme doma\",\"publisher\":{\"@id\":\"https:\\\/\\\/www.leier.sk\\\/#organization\"},\"potentialAction\":[{\"@type\":\"SearchAction\",\"target\":{\"@type\":\"EntryPoint\",\"urlTemplate\":\"https:\\\/\\\/www.leier.sk\\\/?s={search_term_string}\"},\"query-input\":{\"@type\":\"PropertyValueSpecification\",\"valueRequired\":true,\"valueName\":\"search_term_string\"}}],\"inLanguage\":\"en-GB\"},{\"@type\":\"Organization\",\"@id\":\"https:\\\/\\\/www.leier.sk\\\/#organization\",\"name\":\"Leier\",\"url\":\"https:\\\/\\\/www.leier.sk\\\/\",\"logo\":{\"@type\":\"ImageObject\",\"inLanguage\":\"en-GB\",\"@id\":\"https:\\\/\\\/www.leier.sk\\\/#\\\/schema\\\/logo\\\/image\\\/\",\"url\":\"https:\\\/\\\/www.leier.sk\\\/wp-content\\\/uploads\\\/2022\\\/02\\\/logo-leier-inverse.png\",\"contentUrl\":\"https:\\\/\\\/www.leier.sk\\\/wp-content\\\/uploads\\\/2022\\\/02\\\/logo-leier-inverse.png\",\"width\":582,\"height\":179,\"caption\":\"Leier\"},\"image\":{\"@id\":\"https:\\\/\\\/www.leier.sk\\\/#\\\/schema\\\/logo\\\/image\\\/\"},\"sameAs\":[\"https:\\\/\\\/www.facebook.com\\\/LeierSlovakia\\\/\",\"https:\\\/\\\/www.youtube.com\\\/channel\\\/UC56YB_Knhf5YvAJK_Bk-hYg\"]}]}<\/script>\n<!-- \/ Yoast SEO plugin. -->","yoast_head_json":{"title":"Durisol vinot\u00e9ka - Mont\u00e1\u017ena p\u00e1ska | Leier.sk","robots":{"index":"noindex","follow":"follow"},"og_locale":"en_GB","og_type":"article","og_title":"Durisol vinot\u00e9ka - Mont\u00e1\u017ena p\u00e1ska | Leier.sk","og_description":"Na upevnenie jednotliv\u00fdch dielcov vinot\u00e9ky Durisol je potrebn\u00e1 mont\u00e1\u017ena p\u00e1ska, ktor\u00e1 pevne prichyt\u00ed 2 kusy k sebe a zaru\u010d\u00ed pevnos\u0165 a stabilitu reg\u00e1lov\u00e9ho syst\u00e9mu pre bezpe\u010dn\u00e9 skladovanie v\u00ednnych flia\u0161.   Parametre: Na prichytenie dvoch prvkov vinot\u00e9ky je potrebn\u00fd 1 kus mont\u00e1\u017enej p\u00e1sky.  1 kus = 1 meter  &nbsp;","og_url":"https:\/\/www.leier.sk\/en\/eshop\/durisol-vinoteka\/durisol-vinoteka-montazna-paska\/","og_site_name":"Leier.sk","article_publisher":"https:\/\/www.facebook.com\/LeierSlovakia\/","article_modified_time":"2025-06-19T18:45:42+00:00","og_image":[{"width":901,"height":600,"url":"https:\/\/www.leier.sk\/wp-content\/uploads\/2024\/11\/Gumiszalag-bortarolohoz-64830eb243443.jpg","type":"image\/jpeg"}],"twitter_card":"summary_large_image","twitter_misc":{"Estimated reading time":"2 minutes"},"schema":{"@context":"https:\/\/schema.org","@graph":[{"@type":"WebPage","@id":"https:\/\/www.leier.sk\/eshop\/durisol-vinoteka\/durisol-vinoteka-montazna-paska\/","url":"https:\/\/www.leier.sk\/eshop\/durisol-vinoteka\/durisol-vinoteka-montazna-paska\/","name":"Durisol vinot\u00e9ka - Mont\u00e1\u017ena p\u00e1ska | Leier.sk","isPartOf":{"@id":"https:\/\/www.leier.sk\/#website"},"primaryImageOfPage":{"@id":"https:\/\/www.leier.sk\/eshop\/durisol-vinoteka\/durisol-vinoteka-montazna-paska\/#primaryimage"},"image":{"@id":"https:\/\/www.leier.sk\/eshop\/durisol-vinoteka\/durisol-vinoteka-montazna-paska\/#primaryimage"},"thumbnailUrl":"https:\/\/www.leier.sk\/wp-content\/uploads\/2024\/11\/Gumiszalag-bortarolohoz-64830eb243443.jpg","datePublished":"2024-11-27T14:49:27+00:00","dateModified":"2025-06-19T18:45:42+00:00","breadcrumb":{"@id":"https:\/\/www.leier.sk\/eshop\/durisol-vinoteka\/durisol-vinoteka-montazna-paska\/#breadcrumb"},"inLanguage":"en-GB","potentialAction":[{"@type":"ReadAction","target":["https:\/\/www.leier.sk\/eshop\/durisol-vinoteka\/durisol-vinoteka-montazna-paska\/"]}]},{"@type":"ImageObject","inLanguage":"en-GB","@id":"https:\/\/www.leier.sk\/eshop\/durisol-vinoteka\/durisol-vinoteka-montazna-paska\/#primaryimage","url":"https:\/\/www.leier.sk\/wp-content\/uploads\/2024\/11\/Gumiszalag-bortarolohoz-64830eb243443.jpg","contentUrl":"https:\/\/www.leier.sk\/wp-content\/uploads\/2024\/11\/Gumiszalag-bortarolohoz-64830eb243443.jpg","width":901,"height":600},{"@type":"BreadcrumbList","@id":"https:\/\/www.leier.sk\/eshop\/durisol-vinoteka\/durisol-vinoteka-montazna-paska\/#breadcrumb","itemListElement":[{"@type":"ListItem","position":1,"name":"Domov","item":"https:\/\/www.leier.sk\/"},{"@type":"ListItem","position":2,"name":"Durisol vinot\u00e9ka","item":"https:\/\/www.leier.sk\/kategoria-produktu\/durisol-vinoteka\/"},{"@type":"ListItem","position":3,"name":"Durisol vinot\u00e9ka &#8211; Mont\u00e1\u017ena p\u00e1ska"}]},{"@type":"WebSite","@id":"https:\/\/www.leier.sk\/#website","url":"https:\/\/www.leier.sk\/","name":"Leier.sk","description":"V materi\u00e1loch sme doma","publisher":{"@id":"https:\/\/www.leier.sk\/#organization"},"potentialAction":[{"@type":"SearchAction","target":{"@type":"EntryPoint","urlTemplate":"https:\/\/www.leier.sk\/?s={search_term_string}"},"query-input":{"@type":"PropertyValueSpecification","valueRequired":true,"valueName":"search_term_string"}}],"inLanguage":"en-GB"},{"@type":"Organization","@id":"https:\/\/www.leier.sk\/#organization","name":"Leier","url":"https:\/\/www.leier.sk\/","logo":{"@type":"ImageObject","inLanguage":"en-GB","@id":"https:\/\/www.leier.sk\/#\/schema\/logo\/image\/","url":"https:\/\/www.leier.sk\/wp-content\/uploads\/2022\/02\/logo-leier-inverse.png","contentUrl":"https:\/\/www.leier.sk\/wp-content\/uploads\/2022\/02\/logo-leier-inverse.png","width":582,"height":179,"caption":"Leier"},"image":{"@id":"https:\/\/www.leier.sk\/#\/schema\/logo\/image\/"},"sameAs":["https:\/\/www.facebook.com\/LeierSlovakia\/","https:\/\/www.youtube.com\/channel\/UC56YB_Knhf5YvAJK_Bk-hYg"]}]}},"_links":{"self":[{"href":"https:\/\/www.leier.sk\/en\/wp-json\/wp\/v2\/product\/3595","targetHints":{"allow":["GET"]}}],"collection":[{"href":"https:\/\/www.leier.sk\/en\/wp-json\/wp\/v2\/product"}],"about":[{"href":"https:\/\/www.leier.sk\/en\/wp-json\/wp\/v2\/types\/product"}],"wp:featuredmedia":[{"embeddable":true,"href":"https:\/\/www.leier.sk\/en\/wp-json\/wp\/v2\/media\/3596"}],"wp:attachment":[{"href":"https:\/\/www.leier.sk\/en\/wp-json\/wp\/v2\/media?parent=3595"}],"wp:term":[{"taxonomy":"product_brand","embeddable":true,"href":"https:\/\/www.leier.sk\/en\/wp-json\/wp\/v2\/product_brand?post=3595"},{"taxonomy":"product_cat","embeddable":true,"href":"https:\/\/www.leier.sk\/en\/wp-json\/wp\/v2\/product_cat?post=3595"},{"taxonomy":"product_tag","embeddable":true,"href":"https:\/\/www.leier.sk\/en\/wp-json\/wp\/v2\/product_tag?post=3595"}],"curies":[{"name":"wp","href":"https:\/\/api.w.org\/{rel}","templated":true}]}}