{"id":3584,"date":"2024-11-27T15:20:11","date_gmt":"2024-11-27T14:20:11","guid":{"rendered":"https:\/\/www.leier.sk\/?post_type=product&#038;p=3584"},"modified":"2025-07-23T12:04:07","modified_gmt":"2025-07-23T10:04:07","slug":"durisol-vinoteka-priebezny-kus-deleny","status":"publish","type":"product","link":"https:\/\/www.leier.sk\/en\/eshop\/durisol-vinoteka\/durisol-vinoteka-priebezny-kus-deleny\/","title":{"rendered":"Durisol vinot\u00e9ka &#8211; Priebe\u017en\u00fd kus delen\u00fd"},"content":{"rendered":"<p>Thanks to its universal design, the Durisol wine cabinet fits into any wine cellar designed in a classic but also a modern style. The shelving system creates a safe structure that can be easily and independently assembled, disassembled and moved due to its low weight. Wine cabinet fittings are made in various modular designs that can be easily expanded. According to our satisfied customers, the possibility of simple relocation and variation is the biggest advantage, along with others such as design and natural ecological material. Thanks to the Durisol material, the product has a long service life and is resistant to mold, pests and fire.<\/p>\n<h2>V\u00fdhody vinot\u00e9ky Durisol<\/h2>\n<ul>\n<li class=\"li1\"><span class=\"s1\">pr\u00edrodn\u00fd ekologick\u00fd materi\u00e1l <\/span><\/li>\n<li class=\"li1\"><span class=\"s1\">neobsahuje \u017eiadne \u0161kodliv\u00e9 l\u00e1tky ani plasty<\/span><\/li>\n<li class=\"li1\"><span class=\"s1\">odolnos\u0165 proti plesniam i \u0161kodcom<\/span><\/li>\n<li class=\"li1\"><span class=\"s1\">odolnos\u0165 vo\u010di mrazu<\/span><\/li>\n<li class=\"li1\"><span class=\"s1\">bezpe\u010dn\u00e9 skladovanie flia\u0161 <\/span><\/li>\n<li class=\"li1\"><span class=\"s1\">atrakt\u00edvny dizajn <\/span><\/li>\n<li class=\"li1\"><span class=\"s1\">mo\u017enos\u0165 variabiln\u00e9ho usporiadania <\/span><\/li>\n<li class=\"li1\"><span class=\"s1\">jednoducho a r\u00fdchlo rozoberate\u013en\u00e9 prvky <\/span><\/li>\n<li class=\"li1\"><span class=\"s1\">mo\u017enos\u0165 modulov\u00e9ho roz\u0161irovania a variovania<\/span><\/li>\n<\/ul>\n<h2>Durisol<\/h2>\n<p class=\"p1\"><span class=\"s1\">Durisol je inovat\u00edvny materi\u00e1l na \u010disto pr\u00edrodnej b\u00e1ze, ktor\u00fd si zachov\u00e1va vynikaj\u00face fyzik\u00e1lne vlastnosti a poskytujte tak revolu\u010dn\u00e9 rie\u0161enie pre t\u00fdch, ktor\u00ed myslia na ochranu \u017eivotn\u00e9ho prostredia.<\/span><\/p>\n<h2>Dodatky<\/h2>\n<p class=\"p1\"><span class=\"s2\">V\u0161etky fotky s\u00fa ilustra\u010dn\u00e9. Farby sa m\u00f4\u017eu l\u00ed\u0161i\u0165 od skuto\u010dnosti. Mal\u00e9 rozmerov\u00e9 \u010di farebn\u00e9 odch\u00fdlky m\u00f4\u017eu by\u0165 sp\u00f4soben\u00e9 technologick\u00fdmi vadami.<\/span><\/p>\n<h2 class=\"p1\"><span class=\"s1\"><b>Inform\u00e1cie o doru\u010den\u00ed<\/b><\/span><\/h2>\n<p class=\"p2\"><span class=\"s1\">Predpokladan\u00fd \u010das doru\u010denia 2 t\u00fd\u017edne.<\/span><\/p>\n<p><iframe loading=\"lazy\" title=\"YouTube video player\" src=\"https:\/\/www.youtube.com\/embed\/0OnxK_fcJyI?si=yw0tZDRNq2hgLtY5\" width=\"560\" height=\"315\" frameborder=\"0\" allowfullscreen=\"allowfullscreen\"><\/iframe><\/p>","protected":false},"excerpt":{"rendered":"<p class=\"p1\"><span class=\"s1\">Kvalitn\u00e9 v\u00edno je potrebn\u00e9 spr\u00e1vne skladova\u0165, aby vyzrelo vo vhodnom prostred\u00ed. Ide\u00e1lne podmienky na uchovanie flia\u0161 zaru\u010d\u00ed vinot\u00e9ka Durisol, ktor\u00e1 ich ochr\u00e1ni pred vplyvmi prostredia. V\u010faka svojmu zlo\u017eeniu je ve\u013emi odoln\u00e1 vo\u010di plesniam i \u0161kodcom. Dlh\u00e9 roky vydr\u017e\u00ed bez zmien a \u0161peci\u00e1lnej \u00fadr\u017eby. Prvky r\u00f4znych tvarov a ve\u013ekost\u00ed mo\u017eno pou\u017ei\u0165 na vytvorenie vlastn\u00fdch reg\u00e1lov\u00fdch syst\u00e9mov, ktor\u00e9 sa daj\u00fa roz\u0161irova\u0165 \u010di preskupova\u0165 pod\u013ea po\u017eiadaviek. <\/span><\/p>\n<p class=\"p1\"><span class=\"s1\">Priebe\u017en\u00fd kus tvor\u00ed z\u00e1kladn\u00fd prvok vinot\u00e9ky, do ktor\u00e9ho ulo\u017e\u00edte v\u00ednov\u00e9 f\u013ea\u0161e. Delen\u00fd kus dotvor\u00ed zauj\u00edmav\u00fd vzh\u013ead celej vinot\u00e9ky.<\/span><\/p>\n<h2>Parametre:<\/h2>\n<p class=\"p1\"><span class=\"s1\">Kapacita: 14 flia\u0161<\/span><\/p>\n<p class=\"p1\"><span class=\"s1\">D\u013a\u017eka: 50 cm <\/span><\/p>\n<p class=\"p1\"><span class=\"s1\">V\u00fd\u0161ka: 35 cm <\/span><\/p>\n<p class=\"p1\"><span class=\"s1\">\u0160\u00edrka: 27 cm<\/span><\/p>\n<p>Hmotnos\u0165: 14,5 kg<\/p>","protected":false},"featured_media":3585,"template":"","meta":[],"product_brand":[],"product_cat":[160],"product_tag":[],"class_list":{"0":"post-3584","1":"product","2":"type-product","3":"status-publish","4":"has-post-thumbnail","6":"product_cat-durisol-vinoteka","8":"first","9":"instock","10":"taxable","11":"shipping-taxable","12":"purchasable","13":"product-type-simple"},"yoast_head":"<!-- This site is optimized with the Yoast SEO plugin v27.4 - https:\/\/yoast.com\/product\/yoast-seo-wordpress\/ -->\n<title>Durisol vinot\u00e9ka - Priebe\u017en\u00fd kus delen\u00fd | Leier.sk<\/title>\n<meta name=\"robots\" content=\"noindex, follow\" \/>\n<meta property=\"og:locale\" content=\"en_GB\" \/>\n<meta property=\"og:type\" content=\"article\" \/>\n<meta property=\"og:title\" content=\"Durisol vinot\u00e9ka - Priebe\u017en\u00fd kus delen\u00fd | Leier.sk\" \/>\n<meta property=\"og:description\" content=\"Kvalitn\u00e9 v\u00edno je potrebn\u00e9 spr\u00e1vne skladova\u0165, aby vyzrelo vo vhodnom prostred\u00ed. Ide\u00e1lne podmienky na uchovanie flia\u0161 zaru\u010d\u00ed vinot\u00e9ka Durisol, ktor\u00e1 ich ochr\u00e1ni pred vplyvmi prostredia. V\u010faka svojmu zlo\u017eeniu je ve\u013emi odoln\u00e1 vo\u010di plesniam i \u0161kodcom. Dlh\u00e9 roky vydr\u017e\u00ed bez zmien a \u0161peci\u00e1lnej \u00fadr\u017eby. Prvky r\u00f4znych tvarov a ve\u013ekost\u00ed mo\u017eno pou\u017ei\u0165 na vytvorenie vlastn\u00fdch reg\u00e1lov\u00fdch syst\u00e9mov, ktor\u00e9 sa daj\u00fa roz\u0161irova\u0165 \u010di preskupova\u0165 pod\u013ea po\u017eiadaviek.  Priebe\u017en\u00fd kus tvor\u00ed z\u00e1kladn\u00fd prvok vinot\u00e9ky, do ktor\u00e9ho ulo\u017e\u00edte v\u00ednov\u00e9 f\u013ea\u0161e. Delen\u00fd kus dotvor\u00ed zauj\u00edmav\u00fd vzh\u013ead celej vinot\u00e9ky.  Parametre: Kapacita: 14 flia\u0161 D\u013a\u017eka: 50 cm  V\u00fd\u0161ka: 35 cm  \u0160\u00edrka: 27 cm Hmotnos\u0165: 14,5 kg\" \/>\n<meta property=\"og:url\" content=\"https:\/\/www.leier.sk\/en\/eshop\/durisol-vinoteka\/durisol-vinoteka-priebezny-kus-deleny\/\" \/>\n<meta property=\"og:site_name\" content=\"Leier.sk\" \/>\n<meta property=\"article:publisher\" content=\"https:\/\/www.facebook.com\/LeierSlovakia\/\" \/>\n<meta property=\"article:modified_time\" content=\"2025-07-23T10:04:07+00:00\" \/>\n<meta property=\"og:image\" content=\"https:\/\/www.leier.sk\/wp-content\/uploads\/2024\/11\/vinoteka-priebezny-kus-oddeleny-300x300-1.png\" \/>\n\t<meta property=\"og:image:width\" content=\"300\" \/>\n\t<meta property=\"og:image:height\" content=\"300\" \/>\n\t<meta property=\"og:image:type\" content=\"image\/png\" \/>\n<meta name=\"twitter:card\" content=\"summary_large_image\" \/>\n<meta name=\"twitter:label1\" content=\"Estimated reading time\" \/>\n\t<meta name=\"twitter:data1\" content=\"2 minutes\" \/>\n<script type=\"application\/ld+json\" class=\"yoast-schema-graph\">{\"@context\":\"https:\\\/\\\/schema.org\",\"@graph\":[{\"@type\":\"WebPage\",\"@id\":\"https:\\\/\\\/www.leier.sk\\\/eshop\\\/durisol-vinoteka\\\/durisol-vinoteka-priebezny-kus-deleny\\\/\",\"url\":\"https:\\\/\\\/www.leier.sk\\\/eshop\\\/durisol-vinoteka\\\/durisol-vinoteka-priebezny-kus-deleny\\\/\",\"name\":\"Durisol vinot\u00e9ka - Priebe\u017en\u00fd kus delen\u00fd | Leier.sk\",\"isPartOf\":{\"@id\":\"https:\\\/\\\/www.leier.sk\\\/#website\"},\"primaryImageOfPage\":{\"@id\":\"https:\\\/\\\/www.leier.sk\\\/eshop\\\/durisol-vinoteka\\\/durisol-vinoteka-priebezny-kus-deleny\\\/#primaryimage\"},\"image\":{\"@id\":\"https:\\\/\\\/www.leier.sk\\\/eshop\\\/durisol-vinoteka\\\/durisol-vinoteka-priebezny-kus-deleny\\\/#primaryimage\"},\"thumbnailUrl\":\"https:\\\/\\\/www.leier.sk\\\/wp-content\\\/uploads\\\/2024\\\/11\\\/vinoteka-priebezny-kus-oddeleny-300x300-1.png\",\"datePublished\":\"2024-11-27T14:20:11+00:00\",\"dateModified\":\"2025-07-23T10:04:07+00:00\",\"breadcrumb\":{\"@id\":\"https:\\\/\\\/www.leier.sk\\\/eshop\\\/durisol-vinoteka\\\/durisol-vinoteka-priebezny-kus-deleny\\\/#breadcrumb\"},\"inLanguage\":\"en-GB\",\"potentialAction\":[{\"@type\":\"ReadAction\",\"target\":[\"https:\\\/\\\/www.leier.sk\\\/eshop\\\/durisol-vinoteka\\\/durisol-vinoteka-priebezny-kus-deleny\\\/\"]}]},{\"@type\":\"ImageObject\",\"inLanguage\":\"en-GB\",\"@id\":\"https:\\\/\\\/www.leier.sk\\\/eshop\\\/durisol-vinoteka\\\/durisol-vinoteka-priebezny-kus-deleny\\\/#primaryimage\",\"url\":\"https:\\\/\\\/www.leier.sk\\\/wp-content\\\/uploads\\\/2024\\\/11\\\/vinoteka-priebezny-kus-oddeleny-300x300-1.png\",\"contentUrl\":\"https:\\\/\\\/www.leier.sk\\\/wp-content\\\/uploads\\\/2024\\\/11\\\/vinoteka-priebezny-kus-oddeleny-300x300-1.png\",\"width\":300,\"height\":300},{\"@type\":\"BreadcrumbList\",\"@id\":\"https:\\\/\\\/www.leier.sk\\\/eshop\\\/durisol-vinoteka\\\/durisol-vinoteka-priebezny-kus-deleny\\\/#breadcrumb\",\"itemListElement\":[{\"@type\":\"ListItem\",\"position\":1,\"name\":\"Domov\",\"item\":\"https:\\\/\\\/www.leier.sk\\\/\"},{\"@type\":\"ListItem\",\"position\":2,\"name\":\"Durisol vinot\u00e9ka\",\"item\":\"https:\\\/\\\/www.leier.sk\\\/kategoria-produktu\\\/durisol-vinoteka\\\/\"},{\"@type\":\"ListItem\",\"position\":3,\"name\":\"Durisol vinot\u00e9ka &#8211; Priebe\u017en\u00fd kus delen\u00fd\"}]},{\"@type\":\"WebSite\",\"@id\":\"https:\\\/\\\/www.leier.sk\\\/#website\",\"url\":\"https:\\\/\\\/www.leier.sk\\\/\",\"name\":\"Leier.sk\",\"description\":\"V materi\u00e1loch sme doma\",\"publisher\":{\"@id\":\"https:\\\/\\\/www.leier.sk\\\/#organization\"},\"potentialAction\":[{\"@type\":\"SearchAction\",\"target\":{\"@type\":\"EntryPoint\",\"urlTemplate\":\"https:\\\/\\\/www.leier.sk\\\/?s={search_term_string}\"},\"query-input\":{\"@type\":\"PropertyValueSpecification\",\"valueRequired\":true,\"valueName\":\"search_term_string\"}}],\"inLanguage\":\"en-GB\"},{\"@type\":\"Organization\",\"@id\":\"https:\\\/\\\/www.leier.sk\\\/#organization\",\"name\":\"Leier\",\"url\":\"https:\\\/\\\/www.leier.sk\\\/\",\"logo\":{\"@type\":\"ImageObject\",\"inLanguage\":\"en-GB\",\"@id\":\"https:\\\/\\\/www.leier.sk\\\/#\\\/schema\\\/logo\\\/image\\\/\",\"url\":\"https:\\\/\\\/www.leier.sk\\\/wp-content\\\/uploads\\\/2022\\\/02\\\/logo-leier-inverse.png\",\"contentUrl\":\"https:\\\/\\\/www.leier.sk\\\/wp-content\\\/uploads\\\/2022\\\/02\\\/logo-leier-inverse.png\",\"width\":582,\"height\":179,\"caption\":\"Leier\"},\"image\":{\"@id\":\"https:\\\/\\\/www.leier.sk\\\/#\\\/schema\\\/logo\\\/image\\\/\"},\"sameAs\":[\"https:\\\/\\\/www.facebook.com\\\/LeierSlovakia\\\/\",\"https:\\\/\\\/www.youtube.com\\\/channel\\\/UC56YB_Knhf5YvAJK_Bk-hYg\"]}]}<\/script>\n<!-- \/ Yoast SEO plugin. -->","yoast_head_json":{"title":"Durisol vinot\u00e9ka - Priebe\u017en\u00fd kus delen\u00fd | Leier.sk","robots":{"index":"noindex","follow":"follow"},"og_locale":"en_GB","og_type":"article","og_title":"Durisol vinot\u00e9ka - Priebe\u017en\u00fd kus delen\u00fd | Leier.sk","og_description":"Kvalitn\u00e9 v\u00edno je potrebn\u00e9 spr\u00e1vne skladova\u0165, aby vyzrelo vo vhodnom prostred\u00ed. Ide\u00e1lne podmienky na uchovanie flia\u0161 zaru\u010d\u00ed vinot\u00e9ka Durisol, ktor\u00e1 ich ochr\u00e1ni pred vplyvmi prostredia. V\u010faka svojmu zlo\u017eeniu je ve\u013emi odoln\u00e1 vo\u010di plesniam i \u0161kodcom. Dlh\u00e9 roky vydr\u017e\u00ed bez zmien a \u0161peci\u00e1lnej \u00fadr\u017eby. Prvky r\u00f4znych tvarov a ve\u013ekost\u00ed mo\u017eno pou\u017ei\u0165 na vytvorenie vlastn\u00fdch reg\u00e1lov\u00fdch syst\u00e9mov, ktor\u00e9 sa daj\u00fa roz\u0161irova\u0165 \u010di preskupova\u0165 pod\u013ea po\u017eiadaviek.  Priebe\u017en\u00fd kus tvor\u00ed z\u00e1kladn\u00fd prvok vinot\u00e9ky, do ktor\u00e9ho ulo\u017e\u00edte v\u00ednov\u00e9 f\u013ea\u0161e. Delen\u00fd kus dotvor\u00ed zauj\u00edmav\u00fd vzh\u013ead celej vinot\u00e9ky.  Parametre: Kapacita: 14 flia\u0161 D\u013a\u017eka: 50 cm  V\u00fd\u0161ka: 35 cm  \u0160\u00edrka: 27 cm Hmotnos\u0165: 14,5 kg","og_url":"https:\/\/www.leier.sk\/en\/eshop\/durisol-vinoteka\/durisol-vinoteka-priebezny-kus-deleny\/","og_site_name":"Leier.sk","article_publisher":"https:\/\/www.facebook.com\/LeierSlovakia\/","article_modified_time":"2025-07-23T10:04:07+00:00","og_image":[{"width":300,"height":300,"url":"https:\/\/www.leier.sk\/wp-content\/uploads\/2024\/11\/vinoteka-priebezny-kus-oddeleny-300x300-1.png","type":"image\/png"}],"twitter_card":"summary_large_image","twitter_misc":{"Estimated reading time":"2 minutes"},"schema":{"@context":"https:\/\/schema.org","@graph":[{"@type":"WebPage","@id":"https:\/\/www.leier.sk\/eshop\/durisol-vinoteka\/durisol-vinoteka-priebezny-kus-deleny\/","url":"https:\/\/www.leier.sk\/eshop\/durisol-vinoteka\/durisol-vinoteka-priebezny-kus-deleny\/","name":"Durisol vinot\u00e9ka - Priebe\u017en\u00fd kus delen\u00fd | Leier.sk","isPartOf":{"@id":"https:\/\/www.leier.sk\/#website"},"primaryImageOfPage":{"@id":"https:\/\/www.leier.sk\/eshop\/durisol-vinoteka\/durisol-vinoteka-priebezny-kus-deleny\/#primaryimage"},"image":{"@id":"https:\/\/www.leier.sk\/eshop\/durisol-vinoteka\/durisol-vinoteka-priebezny-kus-deleny\/#primaryimage"},"thumbnailUrl":"https:\/\/www.leier.sk\/wp-content\/uploads\/2024\/11\/vinoteka-priebezny-kus-oddeleny-300x300-1.png","datePublished":"2024-11-27T14:20:11+00:00","dateModified":"2025-07-23T10:04:07+00:00","breadcrumb":{"@id":"https:\/\/www.leier.sk\/eshop\/durisol-vinoteka\/durisol-vinoteka-priebezny-kus-deleny\/#breadcrumb"},"inLanguage":"en-GB","potentialAction":[{"@type":"ReadAction","target":["https:\/\/www.leier.sk\/eshop\/durisol-vinoteka\/durisol-vinoteka-priebezny-kus-deleny\/"]}]},{"@type":"ImageObject","inLanguage":"en-GB","@id":"https:\/\/www.leier.sk\/eshop\/durisol-vinoteka\/durisol-vinoteka-priebezny-kus-deleny\/#primaryimage","url":"https:\/\/www.leier.sk\/wp-content\/uploads\/2024\/11\/vinoteka-priebezny-kus-oddeleny-300x300-1.png","contentUrl":"https:\/\/www.leier.sk\/wp-content\/uploads\/2024\/11\/vinoteka-priebezny-kus-oddeleny-300x300-1.png","width":300,"height":300},{"@type":"BreadcrumbList","@id":"https:\/\/www.leier.sk\/eshop\/durisol-vinoteka\/durisol-vinoteka-priebezny-kus-deleny\/#breadcrumb","itemListElement":[{"@type":"ListItem","position":1,"name":"Domov","item":"https:\/\/www.leier.sk\/"},{"@type":"ListItem","position":2,"name":"Durisol vinot\u00e9ka","item":"https:\/\/www.leier.sk\/kategoria-produktu\/durisol-vinoteka\/"},{"@type":"ListItem","position":3,"name":"Durisol vinot\u00e9ka &#8211; Priebe\u017en\u00fd kus delen\u00fd"}]},{"@type":"WebSite","@id":"https:\/\/www.leier.sk\/#website","url":"https:\/\/www.leier.sk\/","name":"Leier.sk","description":"V materi\u00e1loch sme doma","publisher":{"@id":"https:\/\/www.leier.sk\/#organization"},"potentialAction":[{"@type":"SearchAction","target":{"@type":"EntryPoint","urlTemplate":"https:\/\/www.leier.sk\/?s={search_term_string}"},"query-input":{"@type":"PropertyValueSpecification","valueRequired":true,"valueName":"search_term_string"}}],"inLanguage":"en-GB"},{"@type":"Organization","@id":"https:\/\/www.leier.sk\/#organization","name":"Leier","url":"https:\/\/www.leier.sk\/","logo":{"@type":"ImageObject","inLanguage":"en-GB","@id":"https:\/\/www.leier.sk\/#\/schema\/logo\/image\/","url":"https:\/\/www.leier.sk\/wp-content\/uploads\/2022\/02\/logo-leier-inverse.png","contentUrl":"https:\/\/www.leier.sk\/wp-content\/uploads\/2022\/02\/logo-leier-inverse.png","width":582,"height":179,"caption":"Leier"},"image":{"@id":"https:\/\/www.leier.sk\/#\/schema\/logo\/image\/"},"sameAs":["https:\/\/www.facebook.com\/LeierSlovakia\/","https:\/\/www.youtube.com\/channel\/UC56YB_Knhf5YvAJK_Bk-hYg"]}]}},"_links":{"self":[{"href":"https:\/\/www.leier.sk\/en\/wp-json\/wp\/v2\/product\/3584","targetHints":{"allow":["GET"]}}],"collection":[{"href":"https:\/\/www.leier.sk\/en\/wp-json\/wp\/v2\/product"}],"about":[{"href":"https:\/\/www.leier.sk\/en\/wp-json\/wp\/v2\/types\/product"}],"wp:featuredmedia":[{"embeddable":true,"href":"https:\/\/www.leier.sk\/en\/wp-json\/wp\/v2\/media\/3585"}],"wp:attachment":[{"href":"https:\/\/www.leier.sk\/en\/wp-json\/wp\/v2\/media?parent=3584"}],"wp:term":[{"taxonomy":"product_brand","embeddable":true,"href":"https:\/\/www.leier.sk\/en\/wp-json\/wp\/v2\/product_brand?post=3584"},{"taxonomy":"product_cat","embeddable":true,"href":"https:\/\/www.leier.sk\/en\/wp-json\/wp\/v2\/product_cat?post=3584"},{"taxonomy":"product_tag","embeddable":true,"href":"https:\/\/www.leier.sk\/en\/wp-json\/wp\/v2\/product_tag?post=3584"}],"curies":[{"name":"wp","href":"https:\/\/api.w.org\/{rel}","templated":true}]}}