{"id":3540,"date":"2024-11-26T19:34:32","date_gmt":"2024-11-26T18:34:32","guid":{"rendered":"https:\/\/www.leier.sk\/?post_type=product&#038;p=3540"},"modified":"2026-04-13T10:06:30","modified_gmt":"2026-04-13T08:06:30","slug":"priecna-vystuzovacia-tyc","status":"publish","type":"product","link":"https:\/\/www.leier.sk\/en\/eshop\/durisol-vysoky-zahon\/priecna-vystuzovacia-tyc\/","title":{"rendered":"Transverse reinforcing bar"},"content":{"rendered":"<h2>V\u00fdhody vysok\u00e9ho z\u00e1hona Durisol:<\/h2>\n<ul>\n<li class=\"li1\"><span class=\"s1\">pr\u00edrodn\u00fd ekologick\u00fd materi\u00e1l<\/span><\/li>\n<li class=\"li1\"><span class=\"s1\">100% recyklovate\u013en\u00fd<\/span><\/li>\n<li class=\"li1\"><span class=\"s1\">paropriepustn\u00fd <\/span><\/li>\n<li class=\"li1\"><span class=\"s1\">dlh\u00e1 \u017eivotnos\u0165 aj v styku s p\u00f4dou<\/span><\/li>\n<li class=\"li1\"><span class=\"s1\">odoln\u00fd proti mrazom<\/span><\/li>\n<li class=\"li1\"><span class=\"s1\">neobsahuje \u017eiadne \u0161kodliv\u00e9 l\u00e1tky ani plasty<\/span><\/li>\n<li class=\"li1\"><span class=\"s1\">jednoduch\u00e1 a r\u00fdchla mont\u00e1\u017e<\/span><\/li>\n<li class=\"li1\"><span class=\"s1\">variabiln\u00e1 modulov\u00e1 sklada\u010dka<\/span><\/li>\n<li class=\"li1\"><span class=\"s1\">elegantn\u00fd dizajn<\/span><\/li>\n<li class=\"li1\"><span class=\"s1\">nie je potrebn\u00fd z\u00e1klad <\/span><\/li>\n<li class=\"li1\"><span class=\"s1\">nie je potrebn\u00e9 pou\u017ei\u0165 zvn\u00fatra f\u00f3liu<\/span><\/li>\n<li class=\"li1\"><span class=\"s1\">n\u00edzka objemov\u00e1 hmotnos\u0165<\/span><\/li>\n<\/ul>\n<h2>Durisol<\/h2>\n<p class=\"p1\"><span class=\"s1\">Durisol je inovat\u00edvny materi\u00e1l na \u010disto pr\u00edrodnej b\u00e1ze, ktor\u00fd si zachov\u00e1va vynikaj\u00face fyzik\u00e1lne vlastnosti a poskytujte tak revolu\u010dn\u00e9 rie\u0161enie pre t\u00fdch, ktor\u00ed myslia na ochranu \u017eivotn\u00e9ho prostredia. Vysok\u00fd z\u00e1hon z tohto materi\u00e1lu v\u00e1m tak pon\u00fakne mnoho benefitov.<\/span><\/p>\n<h2 class=\"p1\"><span class=\"s1\"><b>Inform\u00e1cie o doru\u010den\u00ed<\/b><\/span><\/h2>\n<p class=\"p2\"><span class=\"s1\">Predpokladan\u00fd \u010das doru\u010denia 2 t\u00fd\u017edne.<\/span><\/p>\n<p><iframe loading=\"lazy\" title=\"YouTube video player\" src=\"https:\/\/www.youtube.com\/embed\/UdXe0TJCLg4?si=uX8444BhGQN2D6ob\" width=\"560\" height=\"315\" frameborder=\"0\" allowfullscreen=\"allowfullscreen\"><\/iframe><\/p>","protected":false},"excerpt":{"rendered":"<p class=\"p1\"><span class=\"s2\">Vo vysok\u00fdch z\u00e1honoch Durisol zohr\u00e1vaj\u00fa prie\u010dne vystu\u017eovacie ty\u010de v\u00fdznamn\u00fa \u00falohu, preto\u017ee sa pou\u017e\u00edvaj\u00fa na zv\u00fd\u0161enie stability a pevnosti kon\u0161trukcie. Prie\u010dne vystu\u017eenie \u00fa\u010dinne zabra\u0148uje bo\u010dn\u00e9mu pohybu a uvo\u013eneniu kon\u0161trukcie jednotliv\u00fdch dielcov.<\/span><\/p>\n<h2>Parametre vystu\u017eovacej ty\u010de<\/h2>\n<p class=\"p1\"><span class=\"s1\">D\u013a\u017eka: 100 cm &#8211; vhodn\u00e9 pre klasick\u00e9 vysok\u00e9 z\u00e1hony Durisol<\/span><\/p>","protected":false},"featured_media":3541,"template":"","meta":[],"product_brand":[],"product_cat":[159],"product_tag":[],"class_list":{"0":"post-3540","1":"product","2":"type-product","3":"status-publish","4":"has-post-thumbnail","6":"product_cat-durisol-vysoky-zahon","8":"first","9":"instock","10":"taxable","11":"shipping-taxable","12":"purchasable","13":"product-type-variable"},"yoast_head":"<!-- This site is optimized with the Yoast SEO plugin v27.4 - https:\/\/yoast.com\/product\/yoast-seo-wordpress\/ -->\n<title>Prie\u010dna vystu\u017eovacia ty\u010d | Leier.sk<\/title>\n<meta name=\"robots\" content=\"noindex, follow\" \/>\n<meta property=\"og:locale\" content=\"en_GB\" \/>\n<meta property=\"og:type\" content=\"article\" \/>\n<meta property=\"og:title\" content=\"Prie\u010dna vystu\u017eovacia ty\u010d | Leier.sk\" \/>\n<meta property=\"og:description\" content=\"Vo vysok\u00fdch z\u00e1honoch Durisol zohr\u00e1vaj\u00fa prie\u010dne vystu\u017eovacie ty\u010de v\u00fdznamn\u00fa \u00falohu, preto\u017ee sa pou\u017e\u00edvaj\u00fa na zv\u00fd\u0161enie stability a pevnosti kon\u0161trukcie. Prie\u010dne vystu\u017eenie \u00fa\u010dinne zabra\u0148uje bo\u010dn\u00e9mu pohybu a uvo\u013eneniu kon\u0161trukcie jednotliv\u00fdch dielcov.  Parametre vystu\u017eovacej ty\u010de D\u013a\u017eka: 100 cm - vhodn\u00e9 pre klasick\u00e9 vysok\u00e9 z\u00e1hony Durisol\" \/>\n<meta property=\"og:url\" content=\"https:\/\/www.leier.sk\/en\/eshop\/durisol-vysoky-zahon\/priecna-vystuzovacia-tyc\/\" \/>\n<meta property=\"og:site_name\" content=\"Leier.sk\" \/>\n<meta property=\"article:publisher\" content=\"https:\/\/www.facebook.com\/LeierSlovakia\/\" \/>\n<meta property=\"article:modified_time\" content=\"2026-04-13T08:06:30+00:00\" \/>\n<meta property=\"og:image\" content=\"https:\/\/www.leier.sk\/wp-content\/uploads\/2024\/11\/Durisol-keresztmerevito.jpg\" \/>\n\t<meta property=\"og:image:width\" content=\"1600\" \/>\n\t<meta property=\"og:image:height\" content=\"1431\" \/>\n\t<meta property=\"og:image:type\" content=\"image\/jpeg\" \/>\n<meta name=\"twitter:card\" content=\"summary_large_image\" \/>\n<meta name=\"twitter:label1\" content=\"Estimated reading time\" \/>\n\t<meta name=\"twitter:data1\" content=\"1 minute\" \/>\n<script type=\"application\/ld+json\" class=\"yoast-schema-graph\">{\"@context\":\"https:\\\/\\\/schema.org\",\"@graph\":[{\"@type\":\"WebPage\",\"@id\":\"https:\\\/\\\/www.leier.sk\\\/eshop\\\/durisol-vysoky-zahon\\\/priecna-vystuzovacia-tyc\\\/\",\"url\":\"https:\\\/\\\/www.leier.sk\\\/eshop\\\/durisol-vysoky-zahon\\\/priecna-vystuzovacia-tyc\\\/\",\"name\":\"Prie\u010dna vystu\u017eovacia ty\u010d | Leier.sk\",\"isPartOf\":{\"@id\":\"https:\\\/\\\/www.leier.sk\\\/#website\"},\"primaryImageOfPage\":{\"@id\":\"https:\\\/\\\/www.leier.sk\\\/eshop\\\/durisol-vysoky-zahon\\\/priecna-vystuzovacia-tyc\\\/#primaryimage\"},\"image\":{\"@id\":\"https:\\\/\\\/www.leier.sk\\\/eshop\\\/durisol-vysoky-zahon\\\/priecna-vystuzovacia-tyc\\\/#primaryimage\"},\"thumbnailUrl\":\"https:\\\/\\\/www.leier.sk\\\/wp-content\\\/uploads\\\/2024\\\/11\\\/Durisol-keresztmerevito.jpg\",\"datePublished\":\"2024-11-26T18:34:32+00:00\",\"dateModified\":\"2026-04-13T08:06:30+00:00\",\"breadcrumb\":{\"@id\":\"https:\\\/\\\/www.leier.sk\\\/eshop\\\/durisol-vysoky-zahon\\\/priecna-vystuzovacia-tyc\\\/#breadcrumb\"},\"inLanguage\":\"en-GB\",\"potentialAction\":[{\"@type\":\"ReadAction\",\"target\":[\"https:\\\/\\\/www.leier.sk\\\/eshop\\\/durisol-vysoky-zahon\\\/priecna-vystuzovacia-tyc\\\/\"]}]},{\"@type\":\"ImageObject\",\"inLanguage\":\"en-GB\",\"@id\":\"https:\\\/\\\/www.leier.sk\\\/eshop\\\/durisol-vysoky-zahon\\\/priecna-vystuzovacia-tyc\\\/#primaryimage\",\"url\":\"https:\\\/\\\/www.leier.sk\\\/wp-content\\\/uploads\\\/2024\\\/11\\\/Durisol-keresztmerevito.jpg\",\"contentUrl\":\"https:\\\/\\\/www.leier.sk\\\/wp-content\\\/uploads\\\/2024\\\/11\\\/Durisol-keresztmerevito.jpg\",\"width\":1600,\"height\":1431},{\"@type\":\"BreadcrumbList\",\"@id\":\"https:\\\/\\\/www.leier.sk\\\/eshop\\\/durisol-vysoky-zahon\\\/priecna-vystuzovacia-tyc\\\/#breadcrumb\",\"itemListElement\":[{\"@type\":\"ListItem\",\"position\":1,\"name\":\"Domov\",\"item\":\"https:\\\/\\\/www.leier.sk\\\/\"},{\"@type\":\"ListItem\",\"position\":2,\"name\":\"Durisol vysok\u00fd z\u00e1hon\",\"item\":\"https:\\\/\\\/www.leier.sk\\\/kategoria-produktu\\\/durisol-vysoky-zahon\\\/\"},{\"@type\":\"ListItem\",\"position\":3,\"name\":\"Prie\u010dna vystu\u017eovacia ty\u010d\"}]},{\"@type\":\"WebSite\",\"@id\":\"https:\\\/\\\/www.leier.sk\\\/#website\",\"url\":\"https:\\\/\\\/www.leier.sk\\\/\",\"name\":\"Leier.sk\",\"description\":\"V materi\u00e1loch sme doma\",\"publisher\":{\"@id\":\"https:\\\/\\\/www.leier.sk\\\/#organization\"},\"potentialAction\":[{\"@type\":\"SearchAction\",\"target\":{\"@type\":\"EntryPoint\",\"urlTemplate\":\"https:\\\/\\\/www.leier.sk\\\/?s={search_term_string}\"},\"query-input\":{\"@type\":\"PropertyValueSpecification\",\"valueRequired\":true,\"valueName\":\"search_term_string\"}}],\"inLanguage\":\"en-GB\"},{\"@type\":\"Organization\",\"@id\":\"https:\\\/\\\/www.leier.sk\\\/#organization\",\"name\":\"Leier\",\"url\":\"https:\\\/\\\/www.leier.sk\\\/\",\"logo\":{\"@type\":\"ImageObject\",\"inLanguage\":\"en-GB\",\"@id\":\"https:\\\/\\\/www.leier.sk\\\/#\\\/schema\\\/logo\\\/image\\\/\",\"url\":\"https:\\\/\\\/www.leier.sk\\\/wp-content\\\/uploads\\\/2022\\\/02\\\/logo-leier-inverse.png\",\"contentUrl\":\"https:\\\/\\\/www.leier.sk\\\/wp-content\\\/uploads\\\/2022\\\/02\\\/logo-leier-inverse.png\",\"width\":582,\"height\":179,\"caption\":\"Leier\"},\"image\":{\"@id\":\"https:\\\/\\\/www.leier.sk\\\/#\\\/schema\\\/logo\\\/image\\\/\"},\"sameAs\":[\"https:\\\/\\\/www.facebook.com\\\/LeierSlovakia\\\/\",\"https:\\\/\\\/www.youtube.com\\\/channel\\\/UC56YB_Knhf5YvAJK_Bk-hYg\"]}]}<\/script>\n<!-- \/ Yoast SEO plugin. -->","yoast_head_json":{"title":"Prie\u010dna vystu\u017eovacia ty\u010d | Leier.sk","robots":{"index":"noindex","follow":"follow"},"og_locale":"en_GB","og_type":"article","og_title":"Prie\u010dna vystu\u017eovacia ty\u010d | Leier.sk","og_description":"Vo vysok\u00fdch z\u00e1honoch Durisol zohr\u00e1vaj\u00fa prie\u010dne vystu\u017eovacie ty\u010de v\u00fdznamn\u00fa \u00falohu, preto\u017ee sa pou\u017e\u00edvaj\u00fa na zv\u00fd\u0161enie stability a pevnosti kon\u0161trukcie. Prie\u010dne vystu\u017eenie \u00fa\u010dinne zabra\u0148uje bo\u010dn\u00e9mu pohybu a uvo\u013eneniu kon\u0161trukcie jednotliv\u00fdch dielcov.  Parametre vystu\u017eovacej ty\u010de D\u013a\u017eka: 100 cm - vhodn\u00e9 pre klasick\u00e9 vysok\u00e9 z\u00e1hony Durisol","og_url":"https:\/\/www.leier.sk\/en\/eshop\/durisol-vysoky-zahon\/priecna-vystuzovacia-tyc\/","og_site_name":"Leier.sk","article_publisher":"https:\/\/www.facebook.com\/LeierSlovakia\/","article_modified_time":"2026-04-13T08:06:30+00:00","og_image":[{"width":1600,"height":1431,"url":"https:\/\/www.leier.sk\/wp-content\/uploads\/2024\/11\/Durisol-keresztmerevito.jpg","type":"image\/jpeg"}],"twitter_card":"summary_large_image","twitter_misc":{"Estimated reading time":"1 minute"},"schema":{"@context":"https:\/\/schema.org","@graph":[{"@type":"WebPage","@id":"https:\/\/www.leier.sk\/eshop\/durisol-vysoky-zahon\/priecna-vystuzovacia-tyc\/","url":"https:\/\/www.leier.sk\/eshop\/durisol-vysoky-zahon\/priecna-vystuzovacia-tyc\/","name":"Prie\u010dna vystu\u017eovacia ty\u010d | Leier.sk","isPartOf":{"@id":"https:\/\/www.leier.sk\/#website"},"primaryImageOfPage":{"@id":"https:\/\/www.leier.sk\/eshop\/durisol-vysoky-zahon\/priecna-vystuzovacia-tyc\/#primaryimage"},"image":{"@id":"https:\/\/www.leier.sk\/eshop\/durisol-vysoky-zahon\/priecna-vystuzovacia-tyc\/#primaryimage"},"thumbnailUrl":"https:\/\/www.leier.sk\/wp-content\/uploads\/2024\/11\/Durisol-keresztmerevito.jpg","datePublished":"2024-11-26T18:34:32+00:00","dateModified":"2026-04-13T08:06:30+00:00","breadcrumb":{"@id":"https:\/\/www.leier.sk\/eshop\/durisol-vysoky-zahon\/priecna-vystuzovacia-tyc\/#breadcrumb"},"inLanguage":"en-GB","potentialAction":[{"@type":"ReadAction","target":["https:\/\/www.leier.sk\/eshop\/durisol-vysoky-zahon\/priecna-vystuzovacia-tyc\/"]}]},{"@type":"ImageObject","inLanguage":"en-GB","@id":"https:\/\/www.leier.sk\/eshop\/durisol-vysoky-zahon\/priecna-vystuzovacia-tyc\/#primaryimage","url":"https:\/\/www.leier.sk\/wp-content\/uploads\/2024\/11\/Durisol-keresztmerevito.jpg","contentUrl":"https:\/\/www.leier.sk\/wp-content\/uploads\/2024\/11\/Durisol-keresztmerevito.jpg","width":1600,"height":1431},{"@type":"BreadcrumbList","@id":"https:\/\/www.leier.sk\/eshop\/durisol-vysoky-zahon\/priecna-vystuzovacia-tyc\/#breadcrumb","itemListElement":[{"@type":"ListItem","position":1,"name":"Domov","item":"https:\/\/www.leier.sk\/"},{"@type":"ListItem","position":2,"name":"Durisol vysok\u00fd z\u00e1hon","item":"https:\/\/www.leier.sk\/kategoria-produktu\/durisol-vysoky-zahon\/"},{"@type":"ListItem","position":3,"name":"Prie\u010dna vystu\u017eovacia ty\u010d"}]},{"@type":"WebSite","@id":"https:\/\/www.leier.sk\/#website","url":"https:\/\/www.leier.sk\/","name":"Leier.sk","description":"V materi\u00e1loch sme doma","publisher":{"@id":"https:\/\/www.leier.sk\/#organization"},"potentialAction":[{"@type":"SearchAction","target":{"@type":"EntryPoint","urlTemplate":"https:\/\/www.leier.sk\/?s={search_term_string}"},"query-input":{"@type":"PropertyValueSpecification","valueRequired":true,"valueName":"search_term_string"}}],"inLanguage":"en-GB"},{"@type":"Organization","@id":"https:\/\/www.leier.sk\/#organization","name":"Leier","url":"https:\/\/www.leier.sk\/","logo":{"@type":"ImageObject","inLanguage":"en-GB","@id":"https:\/\/www.leier.sk\/#\/schema\/logo\/image\/","url":"https:\/\/www.leier.sk\/wp-content\/uploads\/2022\/02\/logo-leier-inverse.png","contentUrl":"https:\/\/www.leier.sk\/wp-content\/uploads\/2022\/02\/logo-leier-inverse.png","width":582,"height":179,"caption":"Leier"},"image":{"@id":"https:\/\/www.leier.sk\/#\/schema\/logo\/image\/"},"sameAs":["https:\/\/www.facebook.com\/LeierSlovakia\/","https:\/\/www.youtube.com\/channel\/UC56YB_Knhf5YvAJK_Bk-hYg"]}]}},"_links":{"self":[{"href":"https:\/\/www.leier.sk\/en\/wp-json\/wp\/v2\/product\/3540","targetHints":{"allow":["GET"]}}],"collection":[{"href":"https:\/\/www.leier.sk\/en\/wp-json\/wp\/v2\/product"}],"about":[{"href":"https:\/\/www.leier.sk\/en\/wp-json\/wp\/v2\/types\/product"}],"wp:featuredmedia":[{"embeddable":true,"href":"https:\/\/www.leier.sk\/en\/wp-json\/wp\/v2\/media\/3541"}],"wp:attachment":[{"href":"https:\/\/www.leier.sk\/en\/wp-json\/wp\/v2\/media?parent=3540"}],"wp:term":[{"taxonomy":"product_brand","embeddable":true,"href":"https:\/\/www.leier.sk\/en\/wp-json\/wp\/v2\/product_brand?post=3540"},{"taxonomy":"product_cat","embeddable":true,"href":"https:\/\/www.leier.sk\/en\/wp-json\/wp\/v2\/product_cat?post=3540"},{"taxonomy":"product_tag","embeddable":true,"href":"https:\/\/www.leier.sk\/en\/wp-json\/wp\/v2\/product_tag?post=3540"}],"curies":[{"name":"wp","href":"https:\/\/api.w.org\/{rel}","templated":true}]}}