{"id":3514,"date":"2024-11-26T19:02:38","date_gmt":"2024-11-26T18:02:38","guid":{"rendered":"https:\/\/www.leier.sk\/?post_type=product&#038;p=3514"},"modified":"2025-11-28T08:19:56","modified_gmt":"2025-11-28T07:19:56","slug":"durisol-komposter","status":"publish","type":"product","link":"https:\/\/www.leier.sk\/en\/eshop\/durisol-vysoky-zahon\/durisol-komposter\/","title":{"rendered":"Durisol composter"},"content":{"rendered":"<p class=\"p1\"><span class=\"s1\">The Durisol composter offers an ecological solution that will help you quickly and efficiently evaluate biological waste from the home or garden. Its advantage is a unique emptying and mixing mechanism, self-regulation of the climate or a practical lid that allows easy refilling. The cover and door prevent the access of pets and unwanted pests. The closed hatch also minimizes weed growth as well as the risk of drying out. Leier concrete plates at the bottom \u2013 as the basis of the composter \u2013 will facilitate the removal of mature humus and prevent mice from entering. The composter is highly resistant, frost-resistant and can drain water automatically, so you are not at risk of any leakage. The Leier Durisol composter is suitable for processing kitchen waste from a 6-person household or garden waste from a garden with an area of 500 m2.<\/span><\/p>\n<h2>V\u00fdhody kompost\u00e9ru Durisol<\/h2>\n<ul>\n<li class=\"li1\"><span class=\"s1\">pr\u00edrodn\u00fd ekologick\u00fd materi\u00e1l<\/span><\/li>\n<li class=\"li1\"><span class=\"s1\">mas\u00edvna kon\u0161trukcia<\/span><\/li>\n<li class=\"li1\"><span class=\"s1\">jedine\u010dn\u00fd vypr\u00e1zd\u0148ovac\u00ed a mie\u0161ac\u00ed mechanizmus<\/span><\/li>\n<li class=\"li1\"><span class=\"s1\">samovo\u013en\u00e9 prevzdu\u0161\u0148ovanie<\/span><\/li>\n<li class=\"li1\"><span class=\"s1\">odoln\u00fd proti mrazu<\/span><\/li>\n<li class=\"li1\"><span class=\"s1\">dlh\u00e1 \u017eivotnos\u0165 aj v styku s p\u00f4dou<\/span><\/li>\n<li class=\"li1\"><span class=\"s1\">poklop a dvierka zabra\u0148uj\u00fa ne\u017eiad\u00facemu vysychaniu kompostu, rastu buriny a pr\u00edstupu ne\u017eiad\u00facich \u0161kodcov<\/span><\/li>\n<li class=\"li1\"><span class=\"s1\">likvid\u00e1cia dom\u00e1ceho organick\u00e9ho odpadu ekologick\u00fdm sp\u00f4sobom a jeho premena na u\u017eito\u010dn\u00e9 organick\u00e9 hnojivo<\/span><\/li>\n<li class=\"li1\"><span class=\"s1\">nepou\u017e\u00edvanie priemyseln\u00fdch chemick\u00fdch hnoj\u00edv<\/span><\/li>\n<\/ul>\n<h2>Durisol<\/h2>\n<p class=\"p1\"><span class=\"s1\">Durisol je inovat\u00edvny materi\u00e1l na \u010disto pr\u00edrodnej b\u00e1ze, ktor\u00fd si zachov\u00e1va vynikaj\u00face fyzik\u00e1lne vlastnosti a poskytujte tak revolu\u010dn\u00e9 rie\u0161enie pre t\u00fdch, ktor\u00ed myslia na ochranu \u017eivotn\u00e9ho prostredia.<\/span><\/p>\n<h2>Dodatky<\/h2>\n<p class=\"p1\"><span class=\"s1\">V\u0161etky fotky s\u00fa ilustra\u010dn\u00e9. Farby sa m\u00f4\u017eu l\u00ed\u0161i\u0165 od skuto\u010dnosti. Mal\u00e9 rozmerov\u00e9 \u010di farebn\u00e9 odch\u00fdlky m\u00f4\u017eu by\u0165 sp\u00f4soben\u00e9 technologick\u00fdmi vadami. S\u00fa\u010das\u0165ou kompost\u00e9ra nie s\u00fa s\u00fa\u010dasti potrebn\u00e9 ku kompostovaniu. Kompost\u00e9r je dod\u00e1van\u00fd v demontovanom stave.<\/span><\/p>\n<h2 class=\"p1\"><span class=\"s1\"><b>Inform\u00e1cie o doru\u010den\u00ed<\/b><\/span><\/h2>\n<p class=\"p2\"><span class=\"s1\">Predpokladan\u00fd \u010das doru\u010denia 2 t\u00fd\u017edne.<\/span><\/p>","protected":false},"excerpt":{"rendered":"<p class=\"p1\" style=\"text-align: left;\"><span class=\"s1\">Chcete za\u010da\u0165 kompostova\u0165? Kompost\u00e9r Durisol pon\u00faka udr\u017eate\u013en\u00e9 rie\u0161enie efekt\u00edvneho odpadov\u00e9ho hospod\u00e1rstva vo va\u0161ej dom\u00e1cnosti. Organick\u00fd materi\u00e1l sa kompostovan\u00edm a podporou mikroorganizmov ako \u010derv\u00edky, bakt\u00e9rie a in\u00e9 premenie\u0148a na p\u00f4du. Je to kolobeh, ktor\u00fd vo vo\u013enej pr\u00edrode funguje automaticky, bez z\u00e1sahu \u010dloveka. Odumret\u00e9 rastliny sa rozkladaj\u00fa a d\u00e1vaj\u00fa p\u00f4de \u017eiviny. Kompost\u00e9r prispieva k likvid\u00e1cii odpadu a \u0161etreniu n\u00e1kladov pri k\u00fape hnoj\u00edv.<\/span><\/p>\n<h2>Parametre kompost\u00e9ru:<\/h2>\n<p class=\"p1\"><span class=\"s1\">D\u013a\u017eka: 120 cm <\/span><\/p>\n<p class=\"p1\"><span class=\"s1\">\u0160\u00edrka: 120 cm<\/span><\/p>\n<p class=\"p1\"><span class=\"s1\">V\u00fd\u0161ka: 120 cm<\/span><\/p>\n<p class=\"p1\">Hmotnos\u0165: 650 kg<\/p>\n<h2>Rozmery poklopu na kompost\u00e9r:<\/h2>\n<ul>\n<li class=\"p1\"><span class=\"s1\">d\u013a\u017eka 120 cm x \u0161<\/span>\u00edrka 20 cm x hr\u00fabka 2,5 cm<\/li>\n<li class=\"p1\">hmotnos\u0165 15 kg<\/li>\n<\/ul>\n<h2>Kompost\u00e9r pozost\u00e1va z:<\/h2>\n<ul>\n<li class=\"p1\"><span class=\"s1\">obvodov\u00fd pl\u00e1\u0161\u0165 Durisol (22 dielcov a 4 spojovacie kliny 120 cm)<\/span><\/li>\n<li>\n<p class=\"p1\"><span class=\"s1\">mie\u0161acieho a vypr\u00e1zd\u0148ovacieho mechanizmu (sada hriade\u013eov s k\u013eukou)<\/span><\/p>\n<\/li>\n<li>\n<p class=\"p1\"><span class=\"s1\">delen\u00e9ho poklopu a spodn\u00fdch dvierok (spodn\u00e9 dvierka maj\u00fa rozmer dl.104 cm x \u0161. 42,5 cm x hr. 2,5 cm) \u00a0<\/span><\/p>\n<\/li>\n<\/ul>\n<p>&nbsp;<\/p>","protected":false},"featured_media":3515,"template":"","meta":[],"product_brand":[],"product_cat":[159],"product_tag":[],"class_list":{"0":"post-3514","1":"product","2":"type-product","3":"status-publish","4":"has-post-thumbnail","6":"product_cat-durisol-vysoky-zahon","8":"first","9":"instock","10":"taxable","11":"shipping-taxable","12":"purchasable","13":"product-type-simple"},"yoast_head":"<!-- This site is optimized with the Yoast SEO plugin v27.4 - https:\/\/yoast.com\/product\/yoast-seo-wordpress\/ -->\n<title>Durisol kompost\u00e9r | Leier.sk<\/title>\n<meta name=\"robots\" content=\"noindex, follow\" \/>\n<meta property=\"og:locale\" content=\"en_GB\" \/>\n<meta property=\"og:type\" content=\"article\" \/>\n<meta property=\"og:title\" content=\"Durisol kompost\u00e9r | Leier.sk\" \/>\n<meta property=\"og:description\" content=\"Chcete za\u010da\u0165 kompostova\u0165? Kompost\u00e9r Durisol pon\u00faka udr\u017eate\u013en\u00e9 rie\u0161enie efekt\u00edvneho odpadov\u00e9ho hospod\u00e1rstva vo va\u0161ej dom\u00e1cnosti. Organick\u00fd materi\u00e1l sa kompostovan\u00edm a podporou mikroorganizmov ako \u010derv\u00edky, bakt\u00e9rie a in\u00e9 premenie\u0148a na p\u00f4du. Je to kolobeh, ktor\u00fd vo vo\u013enej pr\u00edrode funguje automaticky, bez z\u00e1sahu \u010dloveka. Odumret\u00e9 rastliny sa rozkladaj\u00fa a d\u00e1vaj\u00fa p\u00f4de \u017eiviny. Kompost\u00e9r prispieva k likvid\u00e1cii odpadu a \u0161etreniu n\u00e1kladov pri k\u00fape hnoj\u00edv.  Parametre kompost\u00e9ru: D\u013a\u017eka: 120 cm  \u0160\u00edrka: 120 cm V\u00fd\u0161ka: 120 cm Hmotnos\u0165: 650 kg  Rozmery poklopu na kompost\u00e9r:   d\u013a\u017eka 120 cm x \u0161\u00edrka 20 cm x hr\u00fabka 2,5 cm  hmotnos\u0165 15 kg  Kompost\u00e9r pozost\u00e1va z:   obvodov\u00fd pl\u00e1\u0161\u0165 Durisol (22 dielcov a 4 spojovacie kliny 120 cm)   mie\u0161acieho a vypr\u00e1zd\u0148ovacieho mechanizmu (sada hriade\u013eov s k\u013eukou)    delen\u00e9ho poklopu a spodn\u00fdch dvierok (spodn\u00e9 dvierka maj\u00fa rozmer dl.104 cm x \u0161. 42,5 cm x hr. 2,5 cm) \u00a0   &nbsp;\" \/>\n<meta property=\"og:url\" content=\"https:\/\/www.leier.sk\/en\/eshop\/durisol-vysoky-zahon\/durisol-komposter\/\" \/>\n<meta property=\"og:site_name\" content=\"Leier.sk\" \/>\n<meta property=\"article:publisher\" content=\"https:\/\/www.facebook.com\/LeierSlovakia\/\" \/>\n<meta property=\"article:modified_time\" content=\"2025-11-28T07:19:56+00:00\" \/>\n<meta property=\"og:image\" content=\"https:\/\/www.leier.sk\/wp-content\/uploads\/2024\/11\/Durisol-komposztalo.jpg\" \/>\n\t<meta property=\"og:image:width\" content=\"1600\" \/>\n\t<meta property=\"og:image:height\" content=\"1066\" \/>\n\t<meta property=\"og:image:type\" content=\"image\/jpeg\" \/>\n<meta name=\"twitter:card\" content=\"summary_large_image\" \/>\n<meta name=\"twitter:label1\" content=\"Estimated reading time\" \/>\n\t<meta name=\"twitter:data1\" content=\"2 minutes\" \/>\n<script type=\"application\/ld+json\" class=\"yoast-schema-graph\">{\"@context\":\"https:\\\/\\\/schema.org\",\"@graph\":[{\"@type\":\"WebPage\",\"@id\":\"https:\\\/\\\/www.leier.sk\\\/eshop\\\/durisol-vysoky-zahon\\\/durisol-komposter\\\/\",\"url\":\"https:\\\/\\\/www.leier.sk\\\/eshop\\\/durisol-vysoky-zahon\\\/durisol-komposter\\\/\",\"name\":\"Durisol kompost\u00e9r | Leier.sk\",\"isPartOf\":{\"@id\":\"https:\\\/\\\/www.leier.sk\\\/#website\"},\"primaryImageOfPage\":{\"@id\":\"https:\\\/\\\/www.leier.sk\\\/eshop\\\/durisol-vysoky-zahon\\\/durisol-komposter\\\/#primaryimage\"},\"image\":{\"@id\":\"https:\\\/\\\/www.leier.sk\\\/eshop\\\/durisol-vysoky-zahon\\\/durisol-komposter\\\/#primaryimage\"},\"thumbnailUrl\":\"https:\\\/\\\/www.leier.sk\\\/wp-content\\\/uploads\\\/2024\\\/11\\\/Durisol-komposztalo.jpg\",\"datePublished\":\"2024-11-26T18:02:38+00:00\",\"dateModified\":\"2025-11-28T07:19:56+00:00\",\"breadcrumb\":{\"@id\":\"https:\\\/\\\/www.leier.sk\\\/eshop\\\/durisol-vysoky-zahon\\\/durisol-komposter\\\/#breadcrumb\"},\"inLanguage\":\"en-GB\",\"potentialAction\":[{\"@type\":\"ReadAction\",\"target\":[\"https:\\\/\\\/www.leier.sk\\\/eshop\\\/durisol-vysoky-zahon\\\/durisol-komposter\\\/\"]}]},{\"@type\":\"ImageObject\",\"inLanguage\":\"en-GB\",\"@id\":\"https:\\\/\\\/www.leier.sk\\\/eshop\\\/durisol-vysoky-zahon\\\/durisol-komposter\\\/#primaryimage\",\"url\":\"https:\\\/\\\/www.leier.sk\\\/wp-content\\\/uploads\\\/2024\\\/11\\\/Durisol-komposztalo.jpg\",\"contentUrl\":\"https:\\\/\\\/www.leier.sk\\\/wp-content\\\/uploads\\\/2024\\\/11\\\/Durisol-komposztalo.jpg\",\"width\":1600,\"height\":1066},{\"@type\":\"BreadcrumbList\",\"@id\":\"https:\\\/\\\/www.leier.sk\\\/eshop\\\/durisol-vysoky-zahon\\\/durisol-komposter\\\/#breadcrumb\",\"itemListElement\":[{\"@type\":\"ListItem\",\"position\":1,\"name\":\"Domov\",\"item\":\"https:\\\/\\\/www.leier.sk\\\/\"},{\"@type\":\"ListItem\",\"position\":2,\"name\":\"Durisol vysok\u00fd z\u00e1hon\",\"item\":\"https:\\\/\\\/www.leier.sk\\\/kategoria-produktu\\\/durisol-vysoky-zahon\\\/\"},{\"@type\":\"ListItem\",\"position\":3,\"name\":\"Durisol kompost\u00e9r\"}]},{\"@type\":\"WebSite\",\"@id\":\"https:\\\/\\\/www.leier.sk\\\/#website\",\"url\":\"https:\\\/\\\/www.leier.sk\\\/\",\"name\":\"Leier.sk\",\"description\":\"V materi\u00e1loch sme doma\",\"publisher\":{\"@id\":\"https:\\\/\\\/www.leier.sk\\\/#organization\"},\"potentialAction\":[{\"@type\":\"SearchAction\",\"target\":{\"@type\":\"EntryPoint\",\"urlTemplate\":\"https:\\\/\\\/www.leier.sk\\\/?s={search_term_string}\"},\"query-input\":{\"@type\":\"PropertyValueSpecification\",\"valueRequired\":true,\"valueName\":\"search_term_string\"}}],\"inLanguage\":\"en-GB\"},{\"@type\":\"Organization\",\"@id\":\"https:\\\/\\\/www.leier.sk\\\/#organization\",\"name\":\"Leier\",\"url\":\"https:\\\/\\\/www.leier.sk\\\/\",\"logo\":{\"@type\":\"ImageObject\",\"inLanguage\":\"en-GB\",\"@id\":\"https:\\\/\\\/www.leier.sk\\\/#\\\/schema\\\/logo\\\/image\\\/\",\"url\":\"https:\\\/\\\/www.leier.sk\\\/wp-content\\\/uploads\\\/2022\\\/02\\\/logo-leier-inverse.png\",\"contentUrl\":\"https:\\\/\\\/www.leier.sk\\\/wp-content\\\/uploads\\\/2022\\\/02\\\/logo-leier-inverse.png\",\"width\":582,\"height\":179,\"caption\":\"Leier\"},\"image\":{\"@id\":\"https:\\\/\\\/www.leier.sk\\\/#\\\/schema\\\/logo\\\/image\\\/\"},\"sameAs\":[\"https:\\\/\\\/www.facebook.com\\\/LeierSlovakia\\\/\",\"https:\\\/\\\/www.youtube.com\\\/channel\\\/UC56YB_Knhf5YvAJK_Bk-hYg\"]}]}<\/script>\n<!-- \/ Yoast SEO plugin. -->","yoast_head_json":{"title":"Durisol kompost\u00e9r | Leier.sk","robots":{"index":"noindex","follow":"follow"},"og_locale":"en_GB","og_type":"article","og_title":"Durisol kompost\u00e9r | Leier.sk","og_description":"Chcete za\u010da\u0165 kompostova\u0165? Kompost\u00e9r Durisol pon\u00faka udr\u017eate\u013en\u00e9 rie\u0161enie efekt\u00edvneho odpadov\u00e9ho hospod\u00e1rstva vo va\u0161ej dom\u00e1cnosti. Organick\u00fd materi\u00e1l sa kompostovan\u00edm a podporou mikroorganizmov ako \u010derv\u00edky, bakt\u00e9rie a in\u00e9 premenie\u0148a na p\u00f4du. Je to kolobeh, ktor\u00fd vo vo\u013enej pr\u00edrode funguje automaticky, bez z\u00e1sahu \u010dloveka. Odumret\u00e9 rastliny sa rozkladaj\u00fa a d\u00e1vaj\u00fa p\u00f4de \u017eiviny. Kompost\u00e9r prispieva k likvid\u00e1cii odpadu a \u0161etreniu n\u00e1kladov pri k\u00fape hnoj\u00edv.  Parametre kompost\u00e9ru: D\u013a\u017eka: 120 cm  \u0160\u00edrka: 120 cm V\u00fd\u0161ka: 120 cm Hmotnos\u0165: 650 kg  Rozmery poklopu na kompost\u00e9r:   d\u013a\u017eka 120 cm x \u0161\u00edrka 20 cm x hr\u00fabka 2,5 cm  hmotnos\u0165 15 kg  Kompost\u00e9r pozost\u00e1va z:   obvodov\u00fd pl\u00e1\u0161\u0165 Durisol (22 dielcov a 4 spojovacie kliny 120 cm)   mie\u0161acieho a vypr\u00e1zd\u0148ovacieho mechanizmu (sada hriade\u013eov s k\u013eukou)    delen\u00e9ho poklopu a spodn\u00fdch dvierok (spodn\u00e9 dvierka maj\u00fa rozmer dl.104 cm x \u0161. 42,5 cm x hr. 2,5 cm) \u00a0   &nbsp;","og_url":"https:\/\/www.leier.sk\/en\/eshop\/durisol-vysoky-zahon\/durisol-komposter\/","og_site_name":"Leier.sk","article_publisher":"https:\/\/www.facebook.com\/LeierSlovakia\/","article_modified_time":"2025-11-28T07:19:56+00:00","og_image":[{"width":1600,"height":1066,"url":"https:\/\/www.leier.sk\/wp-content\/uploads\/2024\/11\/Durisol-komposztalo.jpg","type":"image\/jpeg"}],"twitter_card":"summary_large_image","twitter_misc":{"Estimated reading time":"2 minutes"},"schema":{"@context":"https:\/\/schema.org","@graph":[{"@type":"WebPage","@id":"https:\/\/www.leier.sk\/eshop\/durisol-vysoky-zahon\/durisol-komposter\/","url":"https:\/\/www.leier.sk\/eshop\/durisol-vysoky-zahon\/durisol-komposter\/","name":"Durisol kompost\u00e9r | Leier.sk","isPartOf":{"@id":"https:\/\/www.leier.sk\/#website"},"primaryImageOfPage":{"@id":"https:\/\/www.leier.sk\/eshop\/durisol-vysoky-zahon\/durisol-komposter\/#primaryimage"},"image":{"@id":"https:\/\/www.leier.sk\/eshop\/durisol-vysoky-zahon\/durisol-komposter\/#primaryimage"},"thumbnailUrl":"https:\/\/www.leier.sk\/wp-content\/uploads\/2024\/11\/Durisol-komposztalo.jpg","datePublished":"2024-11-26T18:02:38+00:00","dateModified":"2025-11-28T07:19:56+00:00","breadcrumb":{"@id":"https:\/\/www.leier.sk\/eshop\/durisol-vysoky-zahon\/durisol-komposter\/#breadcrumb"},"inLanguage":"en-GB","potentialAction":[{"@type":"ReadAction","target":["https:\/\/www.leier.sk\/eshop\/durisol-vysoky-zahon\/durisol-komposter\/"]}]},{"@type":"ImageObject","inLanguage":"en-GB","@id":"https:\/\/www.leier.sk\/eshop\/durisol-vysoky-zahon\/durisol-komposter\/#primaryimage","url":"https:\/\/www.leier.sk\/wp-content\/uploads\/2024\/11\/Durisol-komposztalo.jpg","contentUrl":"https:\/\/www.leier.sk\/wp-content\/uploads\/2024\/11\/Durisol-komposztalo.jpg","width":1600,"height":1066},{"@type":"BreadcrumbList","@id":"https:\/\/www.leier.sk\/eshop\/durisol-vysoky-zahon\/durisol-komposter\/#breadcrumb","itemListElement":[{"@type":"ListItem","position":1,"name":"Domov","item":"https:\/\/www.leier.sk\/"},{"@type":"ListItem","position":2,"name":"Durisol vysok\u00fd z\u00e1hon","item":"https:\/\/www.leier.sk\/kategoria-produktu\/durisol-vysoky-zahon\/"},{"@type":"ListItem","position":3,"name":"Durisol kompost\u00e9r"}]},{"@type":"WebSite","@id":"https:\/\/www.leier.sk\/#website","url":"https:\/\/www.leier.sk\/","name":"Leier.sk","description":"V materi\u00e1loch sme doma","publisher":{"@id":"https:\/\/www.leier.sk\/#organization"},"potentialAction":[{"@type":"SearchAction","target":{"@type":"EntryPoint","urlTemplate":"https:\/\/www.leier.sk\/?s={search_term_string}"},"query-input":{"@type":"PropertyValueSpecification","valueRequired":true,"valueName":"search_term_string"}}],"inLanguage":"en-GB"},{"@type":"Organization","@id":"https:\/\/www.leier.sk\/#organization","name":"Leier","url":"https:\/\/www.leier.sk\/","logo":{"@type":"ImageObject","inLanguage":"en-GB","@id":"https:\/\/www.leier.sk\/#\/schema\/logo\/image\/","url":"https:\/\/www.leier.sk\/wp-content\/uploads\/2022\/02\/logo-leier-inverse.png","contentUrl":"https:\/\/www.leier.sk\/wp-content\/uploads\/2022\/02\/logo-leier-inverse.png","width":582,"height":179,"caption":"Leier"},"image":{"@id":"https:\/\/www.leier.sk\/#\/schema\/logo\/image\/"},"sameAs":["https:\/\/www.facebook.com\/LeierSlovakia\/","https:\/\/www.youtube.com\/channel\/UC56YB_Knhf5YvAJK_Bk-hYg"]}]}},"_links":{"self":[{"href":"https:\/\/www.leier.sk\/en\/wp-json\/wp\/v2\/product\/3514","targetHints":{"allow":["GET"]}}],"collection":[{"href":"https:\/\/www.leier.sk\/en\/wp-json\/wp\/v2\/product"}],"about":[{"href":"https:\/\/www.leier.sk\/en\/wp-json\/wp\/v2\/types\/product"}],"wp:featuredmedia":[{"embeddable":true,"href":"https:\/\/www.leier.sk\/en\/wp-json\/wp\/v2\/media\/3515"}],"wp:attachment":[{"href":"https:\/\/www.leier.sk\/en\/wp-json\/wp\/v2\/media?parent=3514"}],"wp:term":[{"taxonomy":"product_brand","embeddable":true,"href":"https:\/\/www.leier.sk\/en\/wp-json\/wp\/v2\/product_brand?post=3514"},{"taxonomy":"product_cat","embeddable":true,"href":"https:\/\/www.leier.sk\/en\/wp-json\/wp\/v2\/product_cat?post=3514"},{"taxonomy":"product_tag","embeddable":true,"href":"https:\/\/www.leier.sk\/en\/wp-json\/wp\/v2\/product_tag?post=3514"}],"curies":[{"name":"wp","href":"https:\/\/api.w.org\/{rel}","templated":true}]}}