{"id":3505,"date":"2024-11-26T18:22:21","date_gmt":"2024-11-26T17:22:21","guid":{"rendered":"https:\/\/www.leier.sk\/?post_type=product&#038;p=3505"},"modified":"2025-07-23T11:59:46","modified_gmt":"2025-07-23T09:59:46","slug":"foliovnikova-nadstavba-pre-vysoky-zahon-k-stvorec","status":"publish","type":"product","link":"https:\/\/www.leier.sk\/en\/eshop\/durisol-vysoky-zahon\/foliovnikova-nadstavba-pre-vysoky-zahon-k-stvorec\/","title":{"rendered":"F\u00f3liovn\u00edkov\u00e1 nadstavba pre vysok\u00fd z\u00e1hon&nbsp;K&nbsp;&#8211; \u0161tvorec"},"content":{"rendered":"<p class=\"p1\"><span class=\"s1\">Nadstavec pozost\u00e1va z pozinkovan\u00fdch profilov, ktor\u00e9 vytvoria na 120 cm \u0161irokom vyv\u00fd\u0161enom z\u00e1hone nosn\u00fa kon\u0161trukciu. Na t\u00fato sa n\u00e1sledne namontuje f\u00f3liov\u00e9 prekrytie, ktor\u00e9 po\u010das studen\u00fdch dn\u00ed poskytne ochranu vysaden\u00fdm rastlin\u00e1m. F\u00f3liov\u00fd tunel je mo\u017en\u00e9 po oboch dlh\u00fdch stran\u00e1ch otvori\u0165 a umo\u017eni\u0165 tak vetranie a regulovanie teploty vo f\u00f3liovn\u00edku.<\/span><\/p>\n<h2>V\u00fdhody vysok\u00e9ho z\u00e1hona Durisol<\/h2>\n<ul>\n<li class=\"li1\"><span class=\"s1\">pr\u00edrodn\u00fd ekologick\u00fd materi\u00e1l<\/span><\/li>\n<li class=\"li1\"><span class=\"s1\">100% recyklovate\u013en\u00fd<\/span><\/li>\n<li class=\"li1\"><span class=\"s1\">paropriepustn\u00fd <\/span><\/li>\n<li class=\"li1\"><span class=\"s1\">dlh\u00e1 \u017eivotnos\u0165 aj v styku s p\u00f4dou<\/span><\/li>\n<li class=\"li1\"><span class=\"s1\">odoln\u00fd proti mrazom<\/span><\/li>\n<li class=\"li1\"><span class=\"s1\">neobsahuje \u017eiadne \u0161kodliv\u00e9 l\u00e1tky ani plasty<\/span><\/li>\n<li class=\"li1\"><span class=\"s1\">jednoduch\u00e1 a r\u00fdchla mont\u00e1\u017e<\/span><\/li>\n<li class=\"li1\"><span class=\"s1\">variabiln\u00e1 modulov\u00e1 sklada\u010dka<\/span><\/li>\n<li class=\"li1\"><span class=\"s1\">elegantn\u00fd dizajn<\/span><\/li>\n<li class=\"li1\"><span class=\"s1\">nie je potrebn\u00fd z\u00e1klad <\/span><\/li>\n<li class=\"li1\"><span class=\"s1\">nie je potrebn\u00e9 pou\u017ei\u0165 zvn\u00fatra f\u00f3liu<\/span><\/li>\n<li class=\"li1\"><span class=\"s1\">n\u00edzka objemov\u00e1 hmotnos\u0165<\/span><\/li>\n<\/ul>\n<h2>Durisol<\/h2>\n<p class=\"p1\"><span class=\"s1\">Durisol je inovat\u00edvny materi\u00e1l na \u010disto pr\u00edrodnej b\u00e1ze, ktor\u00fd si zachov\u00e1va vynikaj\u00face fyzik\u00e1lne vlastnosti a poskytujte tak revolu\u010dn\u00e9 rie\u0161enie pre t\u00fdch, ktor\u00ed myslia na ochranu \u017eivotn\u00e9ho prostredia. Vysok\u00fd z\u00e1hon z tohto materi\u00e1lu v\u00e1m tak pon\u00fakne mnoho benefitov. <\/span><\/p>\n<h2>Dodatky<\/h2>\n<p class=\"p1\"><span class=\"s2\">V\u0161etky fotky s\u00fa ilustra\u010dn\u00e9. Farby sa m\u00f4\u017eu l\u00ed\u0161i\u0165 od skuto\u010dnosti. Mal\u00e9 rozmerov\u00e9 \u010di farebn\u00e9 odch\u00fdlky m\u00f4\u017eu by\u0165 sp\u00f4soben\u00e9 technologick\u00fdmi vadami. S\u00fa\u010das\u0165ou vysok\u00e9ho z\u00e1hona nie je hnojivo ani in\u00e9 s\u00fa\u010dasti potrebn\u00e9 k pestovaniu. Z\u00e1hon je dod\u00e1van\u00fd v demontovanom stave. F\u00f3liovn\u00edkov\u00e1 nadstavba sa k z\u00e1honu dokupuje samostatne.<\/span><\/p>\n<h2 class=\"p1\"><span class=\"s1\"><b>Inform\u00e1cie o doru\u010den\u00ed<\/b><\/span><\/h2>\n<p class=\"p2\"><span class=\"s1\">Predpokladan\u00fd \u010das doru\u010denia 2 t\u00fd\u017edne.<\/span><\/p>\n<p><iframe loading=\"lazy\" title=\"YouTube video player\" src=\"https:\/\/www.youtube.com\/embed\/qvG9fvt5wHY?si=shRenDd7NvqvDHHl\" width=\"560\" height=\"315\" frameborder=\"0\" allowfullscreen=\"allowfullscreen\"><\/iframe><\/p>","protected":false},"excerpt":{"rendered":"<p class=\"p1\"><span class=\"s1\">F\u00f3liovn\u00edkov\u00e1 nadstavba poskytuje optim\u00e1lnu ochranu pre vysaden\u00e9 sadenice po\u010das chladnej\u0161\u00edch noc\u00ed \u010di za nepriazniv\u00fdch poveternostn\u00fdch podmienok. Je tie\u017e ve\u013emi praktick\u00e1, preto\u017ee umo\u017e\u0148uje otv\u00e1ranie z oboch str\u00e1n, \u010do v\u00fdrazne u\u013eah\u010duje starostlivos\u0165 o rastliny. Mont\u00e1\u017e je mo\u017en\u00e1 len na vysok\u00fd z\u00e1hon v tvare K &#8211; \u0161tvorec.<\/span><\/p>\n<h2>Parametre vysok\u00e9ho z\u00e1hona K, pre ktor\u00fd je f\u00f3liovn\u00edkov\u00e1 nadstavba ur\u010den\u00e1:<\/h2>\n<p><span class=\"s1\">D\u013a\u017eka: 120 cm<\/span><\/p>\n<p class=\"p1\"><span class=\"s1\">\u0160\u00edrka: 120 cm<\/span><\/p>\n<p class=\"p1\"><span class=\"s1\">V\u00fd\u0161ka: 80 cm<\/span><\/p>\n<p><strong><span class=\"s2\">Uveden\u00e1 cena je cena len pre f\u00f3liovn\u00edkov\u00fa nadstavbu.<\/span><\/strong><\/p>","protected":false},"featured_media":3511,"template":"","meta":[],"product_brand":[],"product_cat":[159],"product_tag":[],"class_list":{"0":"post-3505","1":"product","2":"type-product","3":"status-publish","4":"has-post-thumbnail","6":"product_cat-durisol-vysoky-zahon","8":"first","9":"instock","10":"taxable","11":"shipping-taxable","12":"purchasable","13":"product-type-simple"},"yoast_head":"<!-- This site is optimized with the Yoast SEO plugin v27.4 - https:\/\/yoast.com\/product\/yoast-seo-wordpress\/ -->\n<title>F\u00f3liovn\u00edkov\u00e1 nadstavba pre vysok\u00fd z\u00e1hon&nbsp;K&nbsp;- \u0161tvorec | Leier.sk<\/title>\n<meta name=\"robots\" content=\"noindex, follow\" \/>\n<meta property=\"og:locale\" content=\"en_GB\" \/>\n<meta property=\"og:type\" content=\"article\" \/>\n<meta property=\"og:title\" content=\"F\u00f3liovn\u00edkov\u00e1 nadstavba pre vysok\u00fd z\u00e1hon&nbsp;K&nbsp;- \u0161tvorec | Leier.sk\" \/>\n<meta property=\"og:description\" content=\"F\u00f3liovn\u00edkov\u00e1 nadstavba poskytuje optim\u00e1lnu ochranu pre vysaden\u00e9 sadenice po\u010das chladnej\u0161\u00edch noc\u00ed \u010di za nepriazniv\u00fdch poveternostn\u00fdch podmienok. Je tie\u017e ve\u013emi praktick\u00e1, preto\u017ee umo\u017e\u0148uje otv\u00e1ranie z oboch str\u00e1n, \u010do v\u00fdrazne u\u013eah\u010duje starostlivos\u0165 o rastliny. Mont\u00e1\u017e je mo\u017en\u00e1 len na vysok\u00fd z\u00e1hon v tvare K - \u0161tvorec.  Parametre vysok\u00e9ho z\u00e1hona K, pre ktor\u00fd je f\u00f3liovn\u00edkov\u00e1 nadstavba ur\u010den\u00e1: D\u013a\u017eka: 120 cm \u0160\u00edrka: 120 cm V\u00fd\u0161ka: 80 cm Uveden\u00e1 cena je cena len pre f\u00f3liovn\u00edkov\u00fa nadstavbu.\" \/>\n<meta property=\"og:url\" content=\"https:\/\/www.leier.sk\/en\/eshop\/durisol-vysoky-zahon\/foliovnikova-nadstavba-pre-vysoky-zahon-k-stvorec\/\" \/>\n<meta property=\"og:site_name\" content=\"Leier.sk\" \/>\n<meta property=\"article:publisher\" content=\"https:\/\/www.facebook.com\/LeierSlovakia\/\" \/>\n<meta property=\"article:modified_time\" content=\"2025-07-23T09:59:46+00:00\" \/>\n<meta property=\"og:image\" content=\"https:\/\/www.leier.sk\/wp-content\/uploads\/2024\/11\/Durisol-egyes-palantazo-647062c174b41.jpg\" \/>\n\t<meta property=\"og:image:width\" content=\"1920\" \/>\n\t<meta property=\"og:image:height\" content=\"1771\" \/>\n\t<meta property=\"og:image:type\" content=\"image\/jpeg\" \/>\n<meta name=\"twitter:card\" content=\"summary_large_image\" \/>\n<meta name=\"twitter:label1\" content=\"Estimated reading time\" \/>\n\t<meta name=\"twitter:data1\" content=\"2 minutes\" \/>\n<script type=\"application\/ld+json\" class=\"yoast-schema-graph\">{\"@context\":\"https:\\\/\\\/schema.org\",\"@graph\":[{\"@type\":\"WebPage\",\"@id\":\"https:\\\/\\\/www.leier.sk\\\/eshop\\\/durisol-vysoky-zahon\\\/foliovnikova-nadstavba-pre-vysoky-zahon-k-stvorec\\\/\",\"url\":\"https:\\\/\\\/www.leier.sk\\\/eshop\\\/durisol-vysoky-zahon\\\/foliovnikova-nadstavba-pre-vysoky-zahon-k-stvorec\\\/\",\"name\":\"F\u00f3liovn\u00edkov\u00e1 nadstavba pre vysok\u00fd z\u00e1hon&nbsp;K&nbsp;- \u0161tvorec | Leier.sk\",\"isPartOf\":{\"@id\":\"https:\\\/\\\/www.leier.sk\\\/#website\"},\"primaryImageOfPage\":{\"@id\":\"https:\\\/\\\/www.leier.sk\\\/eshop\\\/durisol-vysoky-zahon\\\/foliovnikova-nadstavba-pre-vysoky-zahon-k-stvorec\\\/#primaryimage\"},\"image\":{\"@id\":\"https:\\\/\\\/www.leier.sk\\\/eshop\\\/durisol-vysoky-zahon\\\/foliovnikova-nadstavba-pre-vysoky-zahon-k-stvorec\\\/#primaryimage\"},\"thumbnailUrl\":\"https:\\\/\\\/www.leier.sk\\\/wp-content\\\/uploads\\\/2024\\\/11\\\/Durisol-egyes-palantazo-647062c174b41.jpg\",\"datePublished\":\"2024-11-26T17:22:21+00:00\",\"dateModified\":\"2025-07-23T09:59:46+00:00\",\"breadcrumb\":{\"@id\":\"https:\\\/\\\/www.leier.sk\\\/eshop\\\/durisol-vysoky-zahon\\\/foliovnikova-nadstavba-pre-vysoky-zahon-k-stvorec\\\/#breadcrumb\"},\"inLanguage\":\"en-GB\",\"potentialAction\":[{\"@type\":\"ReadAction\",\"target\":[\"https:\\\/\\\/www.leier.sk\\\/eshop\\\/durisol-vysoky-zahon\\\/foliovnikova-nadstavba-pre-vysoky-zahon-k-stvorec\\\/\"]}]},{\"@type\":\"ImageObject\",\"inLanguage\":\"en-GB\",\"@id\":\"https:\\\/\\\/www.leier.sk\\\/eshop\\\/durisol-vysoky-zahon\\\/foliovnikova-nadstavba-pre-vysoky-zahon-k-stvorec\\\/#primaryimage\",\"url\":\"https:\\\/\\\/www.leier.sk\\\/wp-content\\\/uploads\\\/2024\\\/11\\\/Durisol-egyes-palantazo-647062c174b41.jpg\",\"contentUrl\":\"https:\\\/\\\/www.leier.sk\\\/wp-content\\\/uploads\\\/2024\\\/11\\\/Durisol-egyes-palantazo-647062c174b41.jpg\",\"width\":1920,\"height\":1771},{\"@type\":\"BreadcrumbList\",\"@id\":\"https:\\\/\\\/www.leier.sk\\\/eshop\\\/durisol-vysoky-zahon\\\/foliovnikova-nadstavba-pre-vysoky-zahon-k-stvorec\\\/#breadcrumb\",\"itemListElement\":[{\"@type\":\"ListItem\",\"position\":1,\"name\":\"Domov\",\"item\":\"https:\\\/\\\/www.leier.sk\\\/\"},{\"@type\":\"ListItem\",\"position\":2,\"name\":\"Durisol vysok\u00fd z\u00e1hon\",\"item\":\"https:\\\/\\\/www.leier.sk\\\/kategoria-produktu\\\/durisol-vysoky-zahon\\\/\"},{\"@type\":\"ListItem\",\"position\":3,\"name\":\"F\u00f3liovn\u00edkov\u00e1 nadstavba pre vysok\u00fd z\u00e1hon&nbsp;K&nbsp;&#8211; \u0161tvorec\"}]},{\"@type\":\"WebSite\",\"@id\":\"https:\\\/\\\/www.leier.sk\\\/#website\",\"url\":\"https:\\\/\\\/www.leier.sk\\\/\",\"name\":\"Leier.sk\",\"description\":\"V materi\u00e1loch sme doma\",\"publisher\":{\"@id\":\"https:\\\/\\\/www.leier.sk\\\/#organization\"},\"potentialAction\":[{\"@type\":\"SearchAction\",\"target\":{\"@type\":\"EntryPoint\",\"urlTemplate\":\"https:\\\/\\\/www.leier.sk\\\/?s={search_term_string}\"},\"query-input\":{\"@type\":\"PropertyValueSpecification\",\"valueRequired\":true,\"valueName\":\"search_term_string\"}}],\"inLanguage\":\"en-GB\"},{\"@type\":\"Organization\",\"@id\":\"https:\\\/\\\/www.leier.sk\\\/#organization\",\"name\":\"Leier\",\"url\":\"https:\\\/\\\/www.leier.sk\\\/\",\"logo\":{\"@type\":\"ImageObject\",\"inLanguage\":\"en-GB\",\"@id\":\"https:\\\/\\\/www.leier.sk\\\/#\\\/schema\\\/logo\\\/image\\\/\",\"url\":\"https:\\\/\\\/www.leier.sk\\\/wp-content\\\/uploads\\\/2022\\\/02\\\/logo-leier-inverse.png\",\"contentUrl\":\"https:\\\/\\\/www.leier.sk\\\/wp-content\\\/uploads\\\/2022\\\/02\\\/logo-leier-inverse.png\",\"width\":582,\"height\":179,\"caption\":\"Leier\"},\"image\":{\"@id\":\"https:\\\/\\\/www.leier.sk\\\/#\\\/schema\\\/logo\\\/image\\\/\"},\"sameAs\":[\"https:\\\/\\\/www.facebook.com\\\/LeierSlovakia\\\/\",\"https:\\\/\\\/www.youtube.com\\\/channel\\\/UC56YB_Knhf5YvAJK_Bk-hYg\"]}]}<\/script>\n<!-- \/ Yoast SEO plugin. -->","yoast_head_json":{"title":"F\u00f3liovn\u00edkov\u00e1 nadstavba pre vysok\u00fd z\u00e1hon&nbsp;K&nbsp;- \u0161tvorec | Leier.sk","robots":{"index":"noindex","follow":"follow"},"og_locale":"en_GB","og_type":"article","og_title":"F\u00f3liovn\u00edkov\u00e1 nadstavba pre vysok\u00fd z\u00e1hon&nbsp;K&nbsp;- \u0161tvorec | Leier.sk","og_description":"F\u00f3liovn\u00edkov\u00e1 nadstavba poskytuje optim\u00e1lnu ochranu pre vysaden\u00e9 sadenice po\u010das chladnej\u0161\u00edch noc\u00ed \u010di za nepriazniv\u00fdch poveternostn\u00fdch podmienok. Je tie\u017e ve\u013emi praktick\u00e1, preto\u017ee umo\u017e\u0148uje otv\u00e1ranie z oboch str\u00e1n, \u010do v\u00fdrazne u\u013eah\u010duje starostlivos\u0165 o rastliny. Mont\u00e1\u017e je mo\u017en\u00e1 len na vysok\u00fd z\u00e1hon v tvare K - \u0161tvorec.  Parametre vysok\u00e9ho z\u00e1hona K, pre ktor\u00fd je f\u00f3liovn\u00edkov\u00e1 nadstavba ur\u010den\u00e1: D\u013a\u017eka: 120 cm \u0160\u00edrka: 120 cm V\u00fd\u0161ka: 80 cm Uveden\u00e1 cena je cena len pre f\u00f3liovn\u00edkov\u00fa nadstavbu.","og_url":"https:\/\/www.leier.sk\/en\/eshop\/durisol-vysoky-zahon\/foliovnikova-nadstavba-pre-vysoky-zahon-k-stvorec\/","og_site_name":"Leier.sk","article_publisher":"https:\/\/www.facebook.com\/LeierSlovakia\/","article_modified_time":"2025-07-23T09:59:46+00:00","og_image":[{"width":1920,"height":1771,"url":"https:\/\/www.leier.sk\/wp-content\/uploads\/2024\/11\/Durisol-egyes-palantazo-647062c174b41.jpg","type":"image\/jpeg"}],"twitter_card":"summary_large_image","twitter_misc":{"Estimated reading time":"2 minutes"},"schema":{"@context":"https:\/\/schema.org","@graph":[{"@type":"WebPage","@id":"https:\/\/www.leier.sk\/eshop\/durisol-vysoky-zahon\/foliovnikova-nadstavba-pre-vysoky-zahon-k-stvorec\/","url":"https:\/\/www.leier.sk\/eshop\/durisol-vysoky-zahon\/foliovnikova-nadstavba-pre-vysoky-zahon-k-stvorec\/","name":"F\u00f3liovn\u00edkov\u00e1 nadstavba pre vysok\u00fd z\u00e1hon&nbsp;K&nbsp;- \u0161tvorec | Leier.sk","isPartOf":{"@id":"https:\/\/www.leier.sk\/#website"},"primaryImageOfPage":{"@id":"https:\/\/www.leier.sk\/eshop\/durisol-vysoky-zahon\/foliovnikova-nadstavba-pre-vysoky-zahon-k-stvorec\/#primaryimage"},"image":{"@id":"https:\/\/www.leier.sk\/eshop\/durisol-vysoky-zahon\/foliovnikova-nadstavba-pre-vysoky-zahon-k-stvorec\/#primaryimage"},"thumbnailUrl":"https:\/\/www.leier.sk\/wp-content\/uploads\/2024\/11\/Durisol-egyes-palantazo-647062c174b41.jpg","datePublished":"2024-11-26T17:22:21+00:00","dateModified":"2025-07-23T09:59:46+00:00","breadcrumb":{"@id":"https:\/\/www.leier.sk\/eshop\/durisol-vysoky-zahon\/foliovnikova-nadstavba-pre-vysoky-zahon-k-stvorec\/#breadcrumb"},"inLanguage":"en-GB","potentialAction":[{"@type":"ReadAction","target":["https:\/\/www.leier.sk\/eshop\/durisol-vysoky-zahon\/foliovnikova-nadstavba-pre-vysoky-zahon-k-stvorec\/"]}]},{"@type":"ImageObject","inLanguage":"en-GB","@id":"https:\/\/www.leier.sk\/eshop\/durisol-vysoky-zahon\/foliovnikova-nadstavba-pre-vysoky-zahon-k-stvorec\/#primaryimage","url":"https:\/\/www.leier.sk\/wp-content\/uploads\/2024\/11\/Durisol-egyes-palantazo-647062c174b41.jpg","contentUrl":"https:\/\/www.leier.sk\/wp-content\/uploads\/2024\/11\/Durisol-egyes-palantazo-647062c174b41.jpg","width":1920,"height":1771},{"@type":"BreadcrumbList","@id":"https:\/\/www.leier.sk\/eshop\/durisol-vysoky-zahon\/foliovnikova-nadstavba-pre-vysoky-zahon-k-stvorec\/#breadcrumb","itemListElement":[{"@type":"ListItem","position":1,"name":"Domov","item":"https:\/\/www.leier.sk\/"},{"@type":"ListItem","position":2,"name":"Durisol vysok\u00fd z\u00e1hon","item":"https:\/\/www.leier.sk\/kategoria-produktu\/durisol-vysoky-zahon\/"},{"@type":"ListItem","position":3,"name":"F\u00f3liovn\u00edkov\u00e1 nadstavba pre vysok\u00fd z\u00e1hon&nbsp;K&nbsp;&#8211; \u0161tvorec"}]},{"@type":"WebSite","@id":"https:\/\/www.leier.sk\/#website","url":"https:\/\/www.leier.sk\/","name":"Leier.sk","description":"V materi\u00e1loch sme doma","publisher":{"@id":"https:\/\/www.leier.sk\/#organization"},"potentialAction":[{"@type":"SearchAction","target":{"@type":"EntryPoint","urlTemplate":"https:\/\/www.leier.sk\/?s={search_term_string}"},"query-input":{"@type":"PropertyValueSpecification","valueRequired":true,"valueName":"search_term_string"}}],"inLanguage":"en-GB"},{"@type":"Organization","@id":"https:\/\/www.leier.sk\/#organization","name":"Leier","url":"https:\/\/www.leier.sk\/","logo":{"@type":"ImageObject","inLanguage":"en-GB","@id":"https:\/\/www.leier.sk\/#\/schema\/logo\/image\/","url":"https:\/\/www.leier.sk\/wp-content\/uploads\/2022\/02\/logo-leier-inverse.png","contentUrl":"https:\/\/www.leier.sk\/wp-content\/uploads\/2022\/02\/logo-leier-inverse.png","width":582,"height":179,"caption":"Leier"},"image":{"@id":"https:\/\/www.leier.sk\/#\/schema\/logo\/image\/"},"sameAs":["https:\/\/www.facebook.com\/LeierSlovakia\/","https:\/\/www.youtube.com\/channel\/UC56YB_Knhf5YvAJK_Bk-hYg"]}]}},"_links":{"self":[{"href":"https:\/\/www.leier.sk\/en\/wp-json\/wp\/v2\/product\/3505","targetHints":{"allow":["GET"]}}],"collection":[{"href":"https:\/\/www.leier.sk\/en\/wp-json\/wp\/v2\/product"}],"about":[{"href":"https:\/\/www.leier.sk\/en\/wp-json\/wp\/v2\/types\/product"}],"wp:featuredmedia":[{"embeddable":true,"href":"https:\/\/www.leier.sk\/en\/wp-json\/wp\/v2\/media\/3511"}],"wp:attachment":[{"href":"https:\/\/www.leier.sk\/en\/wp-json\/wp\/v2\/media?parent=3505"}],"wp:term":[{"taxonomy":"product_brand","embeddable":true,"href":"https:\/\/www.leier.sk\/en\/wp-json\/wp\/v2\/product_brand?post=3505"},{"taxonomy":"product_cat","embeddable":true,"href":"https:\/\/www.leier.sk\/en\/wp-json\/wp\/v2\/product_cat?post=3505"},{"taxonomy":"product_tag","embeddable":true,"href":"https:\/\/www.leier.sk\/en\/wp-json\/wp\/v2\/product_tag?post=3505"}],"curies":[{"name":"wp","href":"https:\/\/api.w.org\/{rel}","templated":true}]}}