{"id":3468,"date":"2024-11-26T17:54:50","date_gmt":"2024-11-26T16:54:50","guid":{"rendered":"https:\/\/www.leier.sk\/?post_type=product&#038;p=3468"},"modified":"2025-07-21T10:00:57","modified_gmt":"2025-07-21T08:00:57","slug":"durisol-vysoky-zahon-u","status":"publish","type":"product","link":"https:\/\/www.leier.sk\/en\/eshop\/durisol-vysoky-zahon\/durisol-vysoky-zahon-u\/","title":{"rendered":"Durisol vysok\u00fd z\u00e1hon&nbsp;U"},"content":{"rendered":"<p>The Durisol raised bed is very variable in terms of dimensions and purpose of use. It is functional and, thanks to its simple and clean lines, elegant in shape at the same time. It is characterized by an absolutely natural composition, which creates ideal conditions for growing ornamental and useful plants. It can even be used as a composter. It can also be placed in the grassy part of the garden, while it is not required to place a foil on the bottom. The container with the growth thus remains in contact with the surrounding nature. A big advantage of the innovative flower bed is its simple assembly. The finished container does not need to be additionally insulated and there is no need to install a special foundation, only the lower supporting base is created.<\/p>\n<h2>V\u00fdhody vysok\u00e9ho z\u00e1hona Durisol<\/h2>\n<ul>\n<li class=\"li1\"><span class=\"s1\">pr\u00edrodn\u00fd ekologick\u00fd materi\u00e1l<\/span><\/li>\n<li class=\"li1\"><span class=\"s1\">100% recyklovate\u013en\u00fd<\/span><\/li>\n<li class=\"li1\"><span class=\"s1\">paropriepustn\u00fd <\/span><\/li>\n<li class=\"li1\"><span class=\"s1\">dlh\u00e1 \u017eivotnos\u0165 aj v styku s p\u00f4dou<\/span><\/li>\n<li class=\"li1\"><span class=\"s1\">odoln\u00fd proti mrazom<\/span><\/li>\n<li class=\"li1\"><span class=\"s1\">neobsahuje \u017eiadne \u0161kodliv\u00e9 l\u00e1tky ani plasty<\/span><\/li>\n<li class=\"li1\"><span class=\"s1\">jednoduch\u00e1 a r\u00fdchla mont\u00e1\u017e<\/span><\/li>\n<li class=\"li1\"><span class=\"s1\">variabiln\u00e1 modulov\u00e1 sklada\u010dka<\/span><\/li>\n<li class=\"li1\"><span class=\"s1\">elegantn\u00fd dizajn<\/span><\/li>\n<li class=\"li1\"><span class=\"s1\">nie je potrebn\u00fd z\u00e1klad <\/span><\/li>\n<li class=\"li1\"><span class=\"s1\">nie je potrebn\u00e9 pou\u017ei\u0165 zvn\u00fatra f\u00f3liu<\/span><\/li>\n<li class=\"li1\"><span class=\"s1\">n\u00edzka objemov\u00e1 hmotnos\u0165<\/span><\/li>\n<\/ul>\n<h2>Durisol<\/h2>\n<p class=\"p1\"><span class=\"s1\">Durisol je inovat\u00edvny materi\u00e1l na \u010disto pr\u00edrodnej b\u00e1ze, ktor\u00fd si zachov\u00e1va vynikaj\u00face fyzik\u00e1lne vlastnosti a poskytujte tak revolu\u010dn\u00e9 rie\u0161enie pre t\u00fdch, ktor\u00ed myslia na ochranu \u017eivotn\u00e9ho prostredia.<\/span><\/p>\n<h2>Dodatky<\/h2>\n<p class=\"p1\"><span class=\"s2\">V\u0161etky fotky s\u00fa ilustra\u010dn\u00e9. Farby sa m\u00f4\u017eu l\u00ed\u0161i\u0165 od skuto\u010dnosti. Mal\u00e9 rozmerov\u00e9 \u010di farebn\u00e9 odch\u00fdlky m\u00f4\u017eu by\u0165 sp\u00f4soben\u00e9 technologick\u00fdmi vadami. S\u00fa\u010das\u0165ou vysok\u00e9ho z\u00e1hona nie je hnojivo ani in\u00e9 s\u00fa\u010dasti potrebn\u00e9 k pestovaniu. Z\u00e1hon je dod\u00e1van\u00fd v demontovanom stave.<\/span><\/p>\n<h2 class=\"p1\"><span class=\"s1\"><b>Inform\u00e1cie o doru\u010den\u00ed<\/b><\/span><\/h2>\n<p class=\"p2\"><span class=\"s1\">Predpokladan\u00fd \u010das doru\u010denia 2 t\u00fd\u017edne.<\/span><\/p>\n<p><iframe loading=\"lazy\" title=\"YouTube video player\" src=\"https:\/\/www.youtube.com\/embed\/3JRcqt7_nIo?si=7Sh-siw6p1AIx7qm\" width=\"560\" height=\"315\" frameborder=\"0\" allowfullscreen=\"allowfullscreen\"><\/iframe><\/p>","protected":false},"excerpt":{"rendered":"<p><span class=\"s2\">Vysok\u00fd z\u00e1hon v tvare U pon\u00faka efekt\u00edvne a pohodln\u00e9 rie\u0161enie pre pestovanie rastliniek bez n\u00e1mahy. <\/span>V\u00fd\u0161ka n\u00e1doby siaha z\u00e1merne do \u00farovne p\u00e1sa, aby u\u013eah\u010dila pr\u00e1cu s rastlinami. Navy\u0161e je ve\u013emi pevn\u00fd, a tak udr\u017e\u00ed aj v\u00e4\u010d\u0161iu v\u00e1hu, ak si pri starostlivosti potrebujete odd\u00fdchnu\u0165. Dostupn\u00fd v nieko\u013ek\u00fdch farebn\u00fdch prevedeniach.<\/p>\n<h2>Parametre:<\/h2>\n<p>D\u013a\u017eka: 340 cm<\/p>\n<p><span class=\"s1\">\u0160\u00edrka: 230 cm<\/span><\/p>\n<p class=\"p1\"><span class=\"s1\">V\u00fd\u0161ka: 80 cm <\/span><\/p>\n<h2>Zostava U obsahuje:<\/h2>\n<p class=\"p1\"><span class=\"s1\">Durisol dielce: 48 ks<\/span><\/p>\n<p class=\"p1\"><span class=\"s1\">Spojovacie kliny: 12 ks<\/span><\/p>\n<p class=\"p1\"><span class=\"s1\">Prie\u010dne vystu\u017eovacie ty\u010de: 8 ks<\/span><\/p>\n<p>&nbsp;<\/p>","protected":false},"featured_media":3474,"template":"","meta":[],"product_brand":[],"product_cat":[159],"product_tag":[],"class_list":{"0":"post-3468","1":"product","2":"type-product","3":"status-publish","4":"has-post-thumbnail","6":"product_cat-durisol-vysoky-zahon","8":"first","9":"instock","10":"taxable","11":"shipping-taxable","12":"purchasable","13":"product-type-variable"},"yoast_head":"<!-- This site is optimized with the Yoast SEO plugin v27.4 - https:\/\/yoast.com\/product\/yoast-seo-wordpress\/ -->\n<title>Durisol vysok\u00fd z\u00e1hon&nbsp;U | Leier.sk<\/title>\n<meta name=\"robots\" content=\"noindex, follow\" \/>\n<meta property=\"og:locale\" content=\"en_GB\" \/>\n<meta property=\"og:type\" content=\"article\" \/>\n<meta property=\"og:title\" content=\"Durisol vysok\u00fd z\u00e1hon&nbsp;U | Leier.sk\" \/>\n<meta property=\"og:description\" content=\"Vysok\u00fd z\u00e1hon v tvare U pon\u00faka efekt\u00edvne a pohodln\u00e9 rie\u0161enie pre pestovanie rastliniek bez n\u00e1mahy. V\u00fd\u0161ka n\u00e1doby siaha z\u00e1merne do \u00farovne p\u00e1sa, aby u\u013eah\u010dila pr\u00e1cu s rastlinami. Navy\u0161e je ve\u013emi pevn\u00fd, a tak udr\u017e\u00ed aj v\u00e4\u010d\u0161iu v\u00e1hu, ak si pri starostlivosti potrebujete odd\u00fdchnu\u0165. Dostupn\u00fd v nieko\u013ek\u00fdch farebn\u00fdch prevedeniach. Parametre: D\u013a\u017eka: 340 cm  \u0160\u00edrka: 230 cm V\u00fd\u0161ka: 80 cm   Zostava U obsahuje: Durisol dielce: 48 ks Spojovacie kliny: 12 ks Prie\u010dne vystu\u017eovacie ty\u010de: 8 ks &nbsp;\" \/>\n<meta property=\"og:url\" content=\"https:\/\/www.leier.sk\/en\/eshop\/durisol-vysoky-zahon\/durisol-vysoky-zahon-u\/\" \/>\n<meta property=\"og:site_name\" content=\"Leier.sk\" \/>\n<meta property=\"article:publisher\" content=\"https:\/\/www.facebook.com\/LeierSlovakia\/\" \/>\n<meta property=\"article:modified_time\" content=\"2025-07-21T08:00:57+00:00\" \/>\n<meta property=\"og:image\" content=\"https:\/\/www.leier.sk\/wp-content\/uploads\/2024\/11\/Leier-Durisol-magasagyas-U-alakzat__2_.jpg\" \/>\n\t<meta property=\"og:image:width\" content=\"1600\" \/>\n\t<meta property=\"og:image:height\" content=\"853\" \/>\n\t<meta property=\"og:image:type\" content=\"image\/jpeg\" \/>\n<meta name=\"twitter:card\" content=\"summary_large_image\" \/>\n<meta name=\"twitter:label1\" content=\"Estimated reading time\" \/>\n\t<meta name=\"twitter:data1\" content=\"2 minutes\" \/>\n<script type=\"application\/ld+json\" class=\"yoast-schema-graph\">{\"@context\":\"https:\\\/\\\/schema.org\",\"@graph\":[{\"@type\":\"WebPage\",\"@id\":\"https:\\\/\\\/www.leier.sk\\\/eshop\\\/durisol-vysoky-zahon\\\/durisol-vysoky-zahon-u\\\/\",\"url\":\"https:\\\/\\\/www.leier.sk\\\/eshop\\\/durisol-vysoky-zahon\\\/durisol-vysoky-zahon-u\\\/\",\"name\":\"Durisol vysok\u00fd z\u00e1hon&nbsp;U | Leier.sk\",\"isPartOf\":{\"@id\":\"https:\\\/\\\/www.leier.sk\\\/#website\"},\"primaryImageOfPage\":{\"@id\":\"https:\\\/\\\/www.leier.sk\\\/eshop\\\/durisol-vysoky-zahon\\\/durisol-vysoky-zahon-u\\\/#primaryimage\"},\"image\":{\"@id\":\"https:\\\/\\\/www.leier.sk\\\/eshop\\\/durisol-vysoky-zahon\\\/durisol-vysoky-zahon-u\\\/#primaryimage\"},\"thumbnailUrl\":\"https:\\\/\\\/www.leier.sk\\\/wp-content\\\/uploads\\\/2024\\\/11\\\/Leier-Durisol-magasagyas-U-alakzat__2_.jpg\",\"datePublished\":\"2024-11-26T16:54:50+00:00\",\"dateModified\":\"2025-07-21T08:00:57+00:00\",\"breadcrumb\":{\"@id\":\"https:\\\/\\\/www.leier.sk\\\/eshop\\\/durisol-vysoky-zahon\\\/durisol-vysoky-zahon-u\\\/#breadcrumb\"},\"inLanguage\":\"en-GB\",\"potentialAction\":[{\"@type\":\"ReadAction\",\"target\":[\"https:\\\/\\\/www.leier.sk\\\/eshop\\\/durisol-vysoky-zahon\\\/durisol-vysoky-zahon-u\\\/\"]}]},{\"@type\":\"ImageObject\",\"inLanguage\":\"en-GB\",\"@id\":\"https:\\\/\\\/www.leier.sk\\\/eshop\\\/durisol-vysoky-zahon\\\/durisol-vysoky-zahon-u\\\/#primaryimage\",\"url\":\"https:\\\/\\\/www.leier.sk\\\/wp-content\\\/uploads\\\/2024\\\/11\\\/Leier-Durisol-magasagyas-U-alakzat__2_.jpg\",\"contentUrl\":\"https:\\\/\\\/www.leier.sk\\\/wp-content\\\/uploads\\\/2024\\\/11\\\/Leier-Durisol-magasagyas-U-alakzat__2_.jpg\",\"width\":1600,\"height\":853},{\"@type\":\"BreadcrumbList\",\"@id\":\"https:\\\/\\\/www.leier.sk\\\/eshop\\\/durisol-vysoky-zahon\\\/durisol-vysoky-zahon-u\\\/#breadcrumb\",\"itemListElement\":[{\"@type\":\"ListItem\",\"position\":1,\"name\":\"Domov\",\"item\":\"https:\\\/\\\/www.leier.sk\\\/\"},{\"@type\":\"ListItem\",\"position\":2,\"name\":\"Durisol vysok\u00fd z\u00e1hon\",\"item\":\"https:\\\/\\\/www.leier.sk\\\/kategoria-produktu\\\/durisol-vysoky-zahon\\\/\"},{\"@type\":\"ListItem\",\"position\":3,\"name\":\"Durisol vysok\u00fd z\u00e1hon&nbsp;U\"}]},{\"@type\":\"WebSite\",\"@id\":\"https:\\\/\\\/www.leier.sk\\\/#website\",\"url\":\"https:\\\/\\\/www.leier.sk\\\/\",\"name\":\"Leier.sk\",\"description\":\"V materi\u00e1loch sme doma\",\"publisher\":{\"@id\":\"https:\\\/\\\/www.leier.sk\\\/#organization\"},\"potentialAction\":[{\"@type\":\"SearchAction\",\"target\":{\"@type\":\"EntryPoint\",\"urlTemplate\":\"https:\\\/\\\/www.leier.sk\\\/?s={search_term_string}\"},\"query-input\":{\"@type\":\"PropertyValueSpecification\",\"valueRequired\":true,\"valueName\":\"search_term_string\"}}],\"inLanguage\":\"en-GB\"},{\"@type\":\"Organization\",\"@id\":\"https:\\\/\\\/www.leier.sk\\\/#organization\",\"name\":\"Leier\",\"url\":\"https:\\\/\\\/www.leier.sk\\\/\",\"logo\":{\"@type\":\"ImageObject\",\"inLanguage\":\"en-GB\",\"@id\":\"https:\\\/\\\/www.leier.sk\\\/#\\\/schema\\\/logo\\\/image\\\/\",\"url\":\"https:\\\/\\\/www.leier.sk\\\/wp-content\\\/uploads\\\/2022\\\/02\\\/logo-leier-inverse.png\",\"contentUrl\":\"https:\\\/\\\/www.leier.sk\\\/wp-content\\\/uploads\\\/2022\\\/02\\\/logo-leier-inverse.png\",\"width\":582,\"height\":179,\"caption\":\"Leier\"},\"image\":{\"@id\":\"https:\\\/\\\/www.leier.sk\\\/#\\\/schema\\\/logo\\\/image\\\/\"},\"sameAs\":[\"https:\\\/\\\/www.facebook.com\\\/LeierSlovakia\\\/\",\"https:\\\/\\\/www.youtube.com\\\/channel\\\/UC56YB_Knhf5YvAJK_Bk-hYg\"]}]}<\/script>\n<!-- \/ Yoast SEO plugin. -->","yoast_head_json":{"title":"Durisol vysok\u00fd z\u00e1hon&nbsp;U | Leier.sk","robots":{"index":"noindex","follow":"follow"},"og_locale":"en_GB","og_type":"article","og_title":"Durisol vysok\u00fd z\u00e1hon&nbsp;U | Leier.sk","og_description":"Vysok\u00fd z\u00e1hon v tvare U pon\u00faka efekt\u00edvne a pohodln\u00e9 rie\u0161enie pre pestovanie rastliniek bez n\u00e1mahy. V\u00fd\u0161ka n\u00e1doby siaha z\u00e1merne do \u00farovne p\u00e1sa, aby u\u013eah\u010dila pr\u00e1cu s rastlinami. Navy\u0161e je ve\u013emi pevn\u00fd, a tak udr\u017e\u00ed aj v\u00e4\u010d\u0161iu v\u00e1hu, ak si pri starostlivosti potrebujete odd\u00fdchnu\u0165. Dostupn\u00fd v nieko\u013ek\u00fdch farebn\u00fdch prevedeniach. Parametre: D\u013a\u017eka: 340 cm  \u0160\u00edrka: 230 cm V\u00fd\u0161ka: 80 cm   Zostava U obsahuje: Durisol dielce: 48 ks Spojovacie kliny: 12 ks Prie\u010dne vystu\u017eovacie ty\u010de: 8 ks &nbsp;","og_url":"https:\/\/www.leier.sk\/en\/eshop\/durisol-vysoky-zahon\/durisol-vysoky-zahon-u\/","og_site_name":"Leier.sk","article_publisher":"https:\/\/www.facebook.com\/LeierSlovakia\/","article_modified_time":"2025-07-21T08:00:57+00:00","og_image":[{"width":1600,"height":853,"url":"https:\/\/www.leier.sk\/wp-content\/uploads\/2024\/11\/Leier-Durisol-magasagyas-U-alakzat__2_.jpg","type":"image\/jpeg"}],"twitter_card":"summary_large_image","twitter_misc":{"Estimated reading time":"2 minutes"},"schema":{"@context":"https:\/\/schema.org","@graph":[{"@type":"WebPage","@id":"https:\/\/www.leier.sk\/eshop\/durisol-vysoky-zahon\/durisol-vysoky-zahon-u\/","url":"https:\/\/www.leier.sk\/eshop\/durisol-vysoky-zahon\/durisol-vysoky-zahon-u\/","name":"Durisol vysok\u00fd z\u00e1hon&nbsp;U | Leier.sk","isPartOf":{"@id":"https:\/\/www.leier.sk\/#website"},"primaryImageOfPage":{"@id":"https:\/\/www.leier.sk\/eshop\/durisol-vysoky-zahon\/durisol-vysoky-zahon-u\/#primaryimage"},"image":{"@id":"https:\/\/www.leier.sk\/eshop\/durisol-vysoky-zahon\/durisol-vysoky-zahon-u\/#primaryimage"},"thumbnailUrl":"https:\/\/www.leier.sk\/wp-content\/uploads\/2024\/11\/Leier-Durisol-magasagyas-U-alakzat__2_.jpg","datePublished":"2024-11-26T16:54:50+00:00","dateModified":"2025-07-21T08:00:57+00:00","breadcrumb":{"@id":"https:\/\/www.leier.sk\/eshop\/durisol-vysoky-zahon\/durisol-vysoky-zahon-u\/#breadcrumb"},"inLanguage":"en-GB","potentialAction":[{"@type":"ReadAction","target":["https:\/\/www.leier.sk\/eshop\/durisol-vysoky-zahon\/durisol-vysoky-zahon-u\/"]}]},{"@type":"ImageObject","inLanguage":"en-GB","@id":"https:\/\/www.leier.sk\/eshop\/durisol-vysoky-zahon\/durisol-vysoky-zahon-u\/#primaryimage","url":"https:\/\/www.leier.sk\/wp-content\/uploads\/2024\/11\/Leier-Durisol-magasagyas-U-alakzat__2_.jpg","contentUrl":"https:\/\/www.leier.sk\/wp-content\/uploads\/2024\/11\/Leier-Durisol-magasagyas-U-alakzat__2_.jpg","width":1600,"height":853},{"@type":"BreadcrumbList","@id":"https:\/\/www.leier.sk\/eshop\/durisol-vysoky-zahon\/durisol-vysoky-zahon-u\/#breadcrumb","itemListElement":[{"@type":"ListItem","position":1,"name":"Domov","item":"https:\/\/www.leier.sk\/"},{"@type":"ListItem","position":2,"name":"Durisol vysok\u00fd z\u00e1hon","item":"https:\/\/www.leier.sk\/kategoria-produktu\/durisol-vysoky-zahon\/"},{"@type":"ListItem","position":3,"name":"Durisol vysok\u00fd z\u00e1hon&nbsp;U"}]},{"@type":"WebSite","@id":"https:\/\/www.leier.sk\/#website","url":"https:\/\/www.leier.sk\/","name":"Leier.sk","description":"V materi\u00e1loch sme doma","publisher":{"@id":"https:\/\/www.leier.sk\/#organization"},"potentialAction":[{"@type":"SearchAction","target":{"@type":"EntryPoint","urlTemplate":"https:\/\/www.leier.sk\/?s={search_term_string}"},"query-input":{"@type":"PropertyValueSpecification","valueRequired":true,"valueName":"search_term_string"}}],"inLanguage":"en-GB"},{"@type":"Organization","@id":"https:\/\/www.leier.sk\/#organization","name":"Leier","url":"https:\/\/www.leier.sk\/","logo":{"@type":"ImageObject","inLanguage":"en-GB","@id":"https:\/\/www.leier.sk\/#\/schema\/logo\/image\/","url":"https:\/\/www.leier.sk\/wp-content\/uploads\/2022\/02\/logo-leier-inverse.png","contentUrl":"https:\/\/www.leier.sk\/wp-content\/uploads\/2022\/02\/logo-leier-inverse.png","width":582,"height":179,"caption":"Leier"},"image":{"@id":"https:\/\/www.leier.sk\/#\/schema\/logo\/image\/"},"sameAs":["https:\/\/www.facebook.com\/LeierSlovakia\/","https:\/\/www.youtube.com\/channel\/UC56YB_Knhf5YvAJK_Bk-hYg"]}]}},"_links":{"self":[{"href":"https:\/\/www.leier.sk\/en\/wp-json\/wp\/v2\/product\/3468","targetHints":{"allow":["GET"]}}],"collection":[{"href":"https:\/\/www.leier.sk\/en\/wp-json\/wp\/v2\/product"}],"about":[{"href":"https:\/\/www.leier.sk\/en\/wp-json\/wp\/v2\/types\/product"}],"wp:featuredmedia":[{"embeddable":true,"href":"https:\/\/www.leier.sk\/en\/wp-json\/wp\/v2\/media\/3474"}],"wp:attachment":[{"href":"https:\/\/www.leier.sk\/en\/wp-json\/wp\/v2\/media?parent=3468"}],"wp:term":[{"taxonomy":"product_brand","embeddable":true,"href":"https:\/\/www.leier.sk\/en\/wp-json\/wp\/v2\/product_brand?post=3468"},{"taxonomy":"product_cat","embeddable":true,"href":"https:\/\/www.leier.sk\/en\/wp-json\/wp\/v2\/product_cat?post=3468"},{"taxonomy":"product_tag","embeddable":true,"href":"https:\/\/www.leier.sk\/en\/wp-json\/wp\/v2\/product_tag?post=3468"}],"curies":[{"name":"wp","href":"https:\/\/api.w.org\/{rel}","templated":true}]}}