{"id":1867,"date":"2022-04-05T07:23:39","date_gmt":"2022-04-05T05:23:39","guid":{"rendered":"https:\/\/www.leier.sk\/?page_id=1867"},"modified":"2026-02-25T15:07:09","modified_gmt":"2026-02-25T14:07:09","slug":"zasady-pouzivania-suborov-cookie","status":"publish","type":"page","link":"https:\/\/www.leier.sk\/en\/zasady-pouzivania-suborov-cookie\/","title":{"rendered":"Z\u00e1sady pou\u017e\u00edvania s\u00faborov cookie"},"content":{"rendered":"\n<h2 class=\"wp-block-heading\">O z\u00e1sad\u00e1ch pou\u017e\u00edvania s\u00faborov cookie<\/h2>\n\n\n\n<p>Z\u00e1sady pou\u017e\u00edvania s\u00faborov cookies vysvet\u013euj\u00fa, \u010do s\u00fa s\u00fabory cookies a ako ich pou\u017e\u00edvame. Mali by ste si pre\u010d\u00edta\u0165 tieto pravidl\u00e1, aby ste pochopili, \u010do s\u00fa s\u00fabory cookies, ako ich pou\u017e\u00edvame, typy s\u00faborov cookies, ktor\u00e9 pou\u017e\u00edvame, t. j. inform\u00e1cie, ktor\u00e9 zhroma\u017e\u010fujeme pomocou s\u00faborov cookies a ako sa tieto inform\u00e1cie pou\u017e\u00edvaj\u00fa a ako kontrolova\u0165 predvo\u013eby s\u00faborov cookies. \u010eal\u0161ie inform\u00e1cie o tom, ako pou\u017e\u00edvame, uklad\u00e1me a zabezpe\u010dujeme va\u0161e osobn\u00e9 \u00fadaje, n\u00e1jdete v na\u0161ich z\u00e1sad\u00e1ch ochrany osobn\u00fdch \u00fadajov.<\/p>\n\n\n\n<p>Svoj s\u00fahlas m\u00f4\u017eete kedyko\u013evek zmeni\u0165 alebo odvola\u0165 z vyhl\u00e1senia o cookies na na\u0161ej webovej str\u00e1nke. &nbsp; Viac inform\u00e1ci\u00ed o tom, kto sme, ako n\u00e1s m\u00f4\u017eete kontaktova\u0165 a ako sprac\u00favame osobn\u00e9 \u00fadaje n\u00e1jdete v na\u0161ich Pravidl\u00e1ch ochrany osobn\u00fdch \u00fadajov.<\/p>\n\n\n\n<p>V\u00e1\u0161 s\u00fahlas sa vz\u0165ahuje na nasleduj\u00face dom\u00e9ny: www.leier.sk<\/p>\n\n\n\n<a href=\"#\" class=\"cky-banner-element\">Nastavenie cookies<\/a>\n\n\n\n<h2 class=\"wp-block-heading\">\u010co s\u00fa s\u00fabory cookies?<\/h2>\n\n\n\n<p>S\u00fabory cookies s\u00fa mal\u00e9 textov\u00e9 s\u00fabory, ktor\u00e9 sa pou\u017e\u00edvaj\u00fa na ukladanie mal\u00fdch \u010dast\u00ed inform\u00e1ci\u00ed. S\u00fabory cookies sa ukladaj\u00fa do v\u00e1\u0161ho zariadenia po na\u010d\u00edtan\u00ed webov\u00fdch str\u00e1nok do v\u00e1\u0161ho prehliada\u010da. Tieto s\u00fabory cookies n\u00e1m pom\u00e1haj\u00fa zabezpe\u010di\u0165 spr\u00e1vne fungovanie webov\u00fdch str\u00e1nok, zvy\u0161ova\u0165 ich bezpe\u010dnos\u0165, poskytova\u0165 lep\u0161iu pou\u017e\u00edvate\u013esk\u00fa sk\u00fasenos\u0165 a porozumie\u0165 v\u00fdkonnosti webov\u00fdch str\u00e1nok a analyzova\u0165, \u010do funguje a kde je potrebn\u00e9 vylep\u0161i\u0165.<\/p>\n\n\n\n<h2 class=\"wp-block-heading\">Ako pou\u017e\u00edvame s\u00fabory cookies?<\/h2>\n\n\n\n<p>Ako v\u00e4\u010d\u0161ina slu\u017eieb online, na\u0161e webov\u00e9 str\u00e1nky pou\u017e\u00edvaj\u00fa s\u00fabory cookies prvej a tretej strany na r\u00f4zne \u00fa\u010dely. S\u00fabory cookies prvej strany s\u00fa v\u00e4\u010d\u0161inou nevyhnutn\u00e9 pre spr\u00e1vne fungovanie webov\u00fdch str\u00e1nok a nezhroma\u017e\u010fuj\u00fa \u017eiadne z va\u0161ich osobn\u00fdch \u00fadajov.<\/p>\n\n\n\n<p>S\u00fabory cookies tret\u00edch str\u00e1n pou\u017e\u00edvan\u00e9 na na\u0161ich webov\u00fdch str\u00e1nkach sa pou\u017e\u00edvaj\u00fa hlavne na pochopenie toho, ako webov\u00e1 str\u00e1nka funguje, ako interagujete s na\u0161ou webovou str\u00e1nkou, na zaistenie bezpe\u010dnosti na\u0161ich slu\u017eieb, na poskytovanie rekl\u00e1m, ktor\u00e9 s\u00fa pre v\u00e1s relevantn\u00e9, a na zabezpe\u010denie lep\u0161ej a vylep\u0161enej reklamy. Sk\u00fasenosti pou\u017e\u00edvate\u013eov a pom\u00e1haj\u00fa ur\u00fdchli\u0165 va\u0161e bud\u00face interakcie s na\u0161ou webovou str\u00e1nkou.<\/p>\n\n\n\n<h2 class=\"wp-block-heading\">Ak\u00e9 typy cookies pou\u017e\u00edvame?<\/h2>\n\n\n\n<p><strong>Potrebn\u00e9<\/strong>: S\u00fabory cookies s\u00fa d\u00f4le\u017eit\u00e9 a nevyhnutn\u00e9 pre spr\u00e1vne fungovanie webov\u00fdch str\u00e1nok. T\u00e1to kateg\u00f3ria zah\u0155\u0148a iba s\u00fabory, ktor\u00e9 zais\u0165uj\u00fa z\u00e1kladn\u00e9 funkcie a bezpe\u010dnostn\u00e9 prvky webovej str\u00e1nky. Tieto s\u00fabory neukladaj\u00fa \u017eiadne osobn\u00e9 inform\u00e1cie.<\/p>\n\n\n\n<p><strong>\u0160tatistiky<\/strong>: \u0160tatistick\u00e9 s\u00fabory cookies pom\u00e1haj\u00fa majite\u013eom webov\u00fdch str\u00e1nok, aby pochopili, ako komunikova\u0165 s n\u00e1v\u0161tevn\u00edkmi webov\u00fdch str\u00e1nok prostredn\u00edctvom zberu a hl\u00e1senia inform\u00e1ci\u00ed anonymne.<\/p>\n\n\n\n<p><strong>Marketing<\/strong>: Marketingov\u00e9 s\u00fabory cookies sa pou\u017e\u00edvaj\u00fa na sledovanie n\u00e1v\u0161tevn\u00edkov na webov\u00fdch str\u00e1nkach. Z\u00e1merom je zobrazova\u0165 reklamy, ktor\u00e9 s\u00fa relevantn\u00e9 a p\u00fatav\u00e9 pre jednotliv\u00fdch u\u017e\u00edvate\u013eov, a t\u00fdm cennej\u0161ie pre vydavate\u013eov a inzerentov tret\u00edch str\u00e1n.<\/p>\n\n\n\n<p>Inform\u00e1cie ulo\u017een\u00e9 v s\u00faboroch cookie m\u00f4\u017eu tie\u017e pou\u017ei\u0165 poskytovatelia rekl\u00e1m tret\u00edch str\u00e1n na zobrazovanie rekl\u00e1m na in\u00fdch webov\u00fdch str\u00e1nkach v prehliada\u010di.<\/p>\n\n\n<p>[cky_outside_audit_table]<\/p>\n\n\n\n<p><\/p>\n\n\n\n<h2 class=\"wp-block-heading\">Ako m\u00f4\u017eem ovl\u00e1da\u0165 nastavenia s\u00faborov cookie?<\/h2>\n\n\n\n<p>Predvo\u013eby s\u00faborov cookies m\u00f4\u017eete spravova\u0165 kliknut\u00edm na tla\u010didlo \u201eNastavenia\u201c a povolen\u00edm alebo zak\u00e1zan\u00edm kateg\u00f3ri\u00ed s\u00faborov cookies vo vyskakovacom okne pod\u013ea svojich predvolieb.&nbsp;Ak sa rozhodnete zmeni\u0165 svoje nastavenia nesk\u00f4r po\u010das prehliadania, m\u00f4\u017eete klikn\u00fa\u0165 na \u201e<a href=\"https:\/\/www.leier.sk\/zasady-pouzivania-suborov-cookie\/\">Z\u00e1sady pou\u017e\u00edvania s\u00faborov cookies<\/a>\u201c. Toto znova zobraz\u00ed ozn\u00e1menie o s\u00fahlase, ktor\u00e9 v\u00e1m umo\u017en\u00ed zmeni\u0165 va\u0161e predvo\u013eby alebo \u00faplne odvola\u0165 s\u00fahlas.<\/p>\n\n\n\n<p>Okrem toho r\u00f4zne preh\u013ead\u00e1va\u010de poskytuj\u00fa r\u00f4zne sp\u00f4soby blokovania a mazania s\u00faborov cookies pou\u017e\u00edvan\u00fdch webov\u00fdmi str\u00e1nkami. M\u00f4\u017eete zmeni\u0165 nastavenia v\u00e1\u0161ho prehliada\u010da a blokova\u0165 \/ maza\u0165 cookies. Ak sa chcete dozvedie\u0165 viac inform\u00e1ci\u00ed o spr\u00e1ve a odstr\u00e1nen\u00ed s\u00faborov cookie, nav\u0161t\u00edvte str\u00e1nku&nbsp;wikipedia.org, www.allaboutcookies.org.<\/p>\n","protected":false},"excerpt":{"rendered":"<p>O z\u00e1sad\u00e1ch pou\u017e\u00edvania s\u00faborov cookie Z\u00e1sady pou\u017e\u00edvania s\u00faborov cookies vysvet\u013euj\u00fa, \u010do s\u00fa s\u00fabory cookies a ako ich pou\u017e\u00edvame. Mali by ste si pre\u010d\u00edta\u0165 tieto pravidl\u00e1, aby ste pochopili, \u010do s\u00fa s\u00fabory cookies, ako ich pou\u017e\u00edvame, typy s\u00faborov cookies, ktor\u00e9 pou\u017e\u00edvame, t. j. inform\u00e1cie, ktor\u00e9 zhroma\u017e\u010fujeme pomocou s\u00faborov cookies a ako sa tieto inform\u00e1cie pou\u017e\u00edvaj\u00fa a [&hellip;]<\/p>\n","protected":false},"author":1,"featured_media":0,"parent":0,"menu_order":0,"comment_status":"closed","ping_status":"closed","template":"","meta":{"footnotes":""},"class_list":["post-1867","page","type-page","status-publish","hentry"],"yoast_head":"<!-- This site is optimized with the Yoast SEO plugin v27.5 - https:\/\/yoast.com\/product\/yoast-seo-wordpress\/ -->\n<title>Z\u00e1sady pou\u017e\u00edvania s\u00faborov cookie | Leier.sk<\/title>\n<meta name=\"robots\" content=\"index, follow, max-snippet:-1, max-image-preview:large, max-video-preview:-1\" \/>\n<link rel=\"canonical\" href=\"https:\/\/www.leier.sk\/en\/zasady-pouzivania-suborov-cookie\/\" \/>\n<meta property=\"og:locale\" content=\"en_GB\" \/>\n<meta property=\"og:type\" content=\"article\" \/>\n<meta property=\"og:title\" content=\"Z\u00e1sady pou\u017e\u00edvania s\u00faborov cookie | Leier.sk\" \/>\n<meta property=\"og:description\" content=\"O z\u00e1sad\u00e1ch pou\u017e\u00edvania s\u00faborov cookie Z\u00e1sady pou\u017e\u00edvania s\u00faborov cookies vysvet\u013euj\u00fa, \u010do s\u00fa s\u00fabory cookies a ako ich pou\u017e\u00edvame. Mali by ste si pre\u010d\u00edta\u0165 tieto pravidl\u00e1, aby ste pochopili, \u010do s\u00fa s\u00fabory cookies, ako ich pou\u017e\u00edvame, typy s\u00faborov cookies, ktor\u00e9 pou\u017e\u00edvame, t. j. inform\u00e1cie, ktor\u00e9 zhroma\u017e\u010fujeme pomocou s\u00faborov cookies a ako sa tieto inform\u00e1cie pou\u017e\u00edvaj\u00fa a [&hellip;]\" \/>\n<meta property=\"og:url\" content=\"https:\/\/www.leier.sk\/en\/zasady-pouzivania-suborov-cookie\/\" \/>\n<meta property=\"og:site_name\" content=\"Leier.sk\" \/>\n<meta property=\"article:publisher\" content=\"https:\/\/www.facebook.com\/LeierSlovakia\/\" \/>\n<meta property=\"article:modified_time\" content=\"2026-02-25T14:07:09+00:00\" \/>\n<meta name=\"twitter:card\" content=\"summary_large_image\" \/>\n<meta name=\"twitter:label1\" content=\"Estimated reading time\" \/>\n\t<meta name=\"twitter:data1\" content=\"3 minutes\" \/>\n<script type=\"application\/ld+json\" class=\"yoast-schema-graph\">{\"@context\":\"https:\\\/\\\/schema.org\",\"@graph\":[{\"@type\":\"WebPage\",\"@id\":\"https:\\\/\\\/www.leier.sk\\\/zasady-pouzivania-suborov-cookie\\\/\",\"url\":\"https:\\\/\\\/www.leier.sk\\\/zasady-pouzivania-suborov-cookie\\\/\",\"name\":\"Z\u00e1sady pou\u017e\u00edvania s\u00faborov cookie | Leier.sk\",\"isPartOf\":{\"@id\":\"https:\\\/\\\/www.leier.sk\\\/#website\"},\"datePublished\":\"2022-04-05T05:23:39+00:00\",\"dateModified\":\"2026-02-25T14:07:09+00:00\",\"breadcrumb\":{\"@id\":\"https:\\\/\\\/www.leier.sk\\\/zasady-pouzivania-suborov-cookie\\\/#breadcrumb\"},\"inLanguage\":\"en-GB\",\"potentialAction\":[{\"@type\":\"ReadAction\",\"target\":[\"https:\\\/\\\/www.leier.sk\\\/zasady-pouzivania-suborov-cookie\\\/\"]}]},{\"@type\":\"BreadcrumbList\",\"@id\":\"https:\\\/\\\/www.leier.sk\\\/zasady-pouzivania-suborov-cookie\\\/#breadcrumb\",\"itemListElement\":[{\"@type\":\"ListItem\",\"position\":1,\"name\":\"Domov\",\"item\":\"https:\\\/\\\/www.leier.sk\\\/\"},{\"@type\":\"ListItem\",\"position\":2,\"name\":\"Z\u00e1sady pou\u017e\u00edvania s\u00faborov cookie\"}]},{\"@type\":\"WebSite\",\"@id\":\"https:\\\/\\\/www.leier.sk\\\/#website\",\"url\":\"https:\\\/\\\/www.leier.sk\\\/\",\"name\":\"Leier.sk\",\"description\":\"V materi\u00e1loch sme doma\",\"publisher\":{\"@id\":\"https:\\\/\\\/www.leier.sk\\\/#organization\"},\"potentialAction\":[{\"@type\":\"SearchAction\",\"target\":{\"@type\":\"EntryPoint\",\"urlTemplate\":\"https:\\\/\\\/www.leier.sk\\\/?s={search_term_string}\"},\"query-input\":{\"@type\":\"PropertyValueSpecification\",\"valueRequired\":true,\"valueName\":\"search_term_string\"}}],\"inLanguage\":\"en-GB\"},{\"@type\":\"Organization\",\"@id\":\"https:\\\/\\\/www.leier.sk\\\/#organization\",\"name\":\"Leier\",\"url\":\"https:\\\/\\\/www.leier.sk\\\/\",\"logo\":{\"@type\":\"ImageObject\",\"inLanguage\":\"en-GB\",\"@id\":\"https:\\\/\\\/www.leier.sk\\\/#\\\/schema\\\/logo\\\/image\\\/\",\"url\":\"https:\\\/\\\/www.leier.sk\\\/wp-content\\\/uploads\\\/2022\\\/02\\\/logo-leier-inverse.png\",\"contentUrl\":\"https:\\\/\\\/www.leier.sk\\\/wp-content\\\/uploads\\\/2022\\\/02\\\/logo-leier-inverse.png\",\"width\":582,\"height\":179,\"caption\":\"Leier\"},\"image\":{\"@id\":\"https:\\\/\\\/www.leier.sk\\\/#\\\/schema\\\/logo\\\/image\\\/\"},\"sameAs\":[\"https:\\\/\\\/www.facebook.com\\\/LeierSlovakia\\\/\",\"https:\\\/\\\/www.youtube.com\\\/channel\\\/UC56YB_Knhf5YvAJK_Bk-hYg\"]}]}<\/script>\n<!-- \/ Yoast SEO plugin. -->","yoast_head_json":{"title":"Z\u00e1sady pou\u017e\u00edvania s\u00faborov cookie | Leier.sk","robots":{"index":"index","follow":"follow","max-snippet":"max-snippet:-1","max-image-preview":"max-image-preview:large","max-video-preview":"max-video-preview:-1"},"canonical":"https:\/\/www.leier.sk\/en\/zasady-pouzivania-suborov-cookie\/","og_locale":"en_GB","og_type":"article","og_title":"Z\u00e1sady pou\u017e\u00edvania s\u00faborov cookie | Leier.sk","og_description":"O z\u00e1sad\u00e1ch pou\u017e\u00edvania s\u00faborov cookie Z\u00e1sady pou\u017e\u00edvania s\u00faborov cookies vysvet\u013euj\u00fa, \u010do s\u00fa s\u00fabory cookies a ako ich pou\u017e\u00edvame. Mali by ste si pre\u010d\u00edta\u0165 tieto pravidl\u00e1, aby ste pochopili, \u010do s\u00fa s\u00fabory cookies, ako ich pou\u017e\u00edvame, typy s\u00faborov cookies, ktor\u00e9 pou\u017e\u00edvame, t. j. inform\u00e1cie, ktor\u00e9 zhroma\u017e\u010fujeme pomocou s\u00faborov cookies a ako sa tieto inform\u00e1cie pou\u017e\u00edvaj\u00fa a [&hellip;]","og_url":"https:\/\/www.leier.sk\/en\/zasady-pouzivania-suborov-cookie\/","og_site_name":"Leier.sk","article_publisher":"https:\/\/www.facebook.com\/LeierSlovakia\/","article_modified_time":"2026-02-25T14:07:09+00:00","twitter_card":"summary_large_image","twitter_misc":{"Estimated reading time":"3 minutes"},"schema":{"@context":"https:\/\/schema.org","@graph":[{"@type":"WebPage","@id":"https:\/\/www.leier.sk\/zasady-pouzivania-suborov-cookie\/","url":"https:\/\/www.leier.sk\/zasady-pouzivania-suborov-cookie\/","name":"Z\u00e1sady pou\u017e\u00edvania s\u00faborov cookie | Leier.sk","isPartOf":{"@id":"https:\/\/www.leier.sk\/#website"},"datePublished":"2022-04-05T05:23:39+00:00","dateModified":"2026-02-25T14:07:09+00:00","breadcrumb":{"@id":"https:\/\/www.leier.sk\/zasady-pouzivania-suborov-cookie\/#breadcrumb"},"inLanguage":"en-GB","potentialAction":[{"@type":"ReadAction","target":["https:\/\/www.leier.sk\/zasady-pouzivania-suborov-cookie\/"]}]},{"@type":"BreadcrumbList","@id":"https:\/\/www.leier.sk\/zasady-pouzivania-suborov-cookie\/#breadcrumb","itemListElement":[{"@type":"ListItem","position":1,"name":"Domov","item":"https:\/\/www.leier.sk\/"},{"@type":"ListItem","position":2,"name":"Z\u00e1sady pou\u017e\u00edvania s\u00faborov cookie"}]},{"@type":"WebSite","@id":"https:\/\/www.leier.sk\/#website","url":"https:\/\/www.leier.sk\/","name":"Leier.sk","description":"V materi\u00e1loch sme doma","publisher":{"@id":"https:\/\/www.leier.sk\/#organization"},"potentialAction":[{"@type":"SearchAction","target":{"@type":"EntryPoint","urlTemplate":"https:\/\/www.leier.sk\/?s={search_term_string}"},"query-input":{"@type":"PropertyValueSpecification","valueRequired":true,"valueName":"search_term_string"}}],"inLanguage":"en-GB"},{"@type":"Organization","@id":"https:\/\/www.leier.sk\/#organization","name":"Leier","url":"https:\/\/www.leier.sk\/","logo":{"@type":"ImageObject","inLanguage":"en-GB","@id":"https:\/\/www.leier.sk\/#\/schema\/logo\/image\/","url":"https:\/\/www.leier.sk\/wp-content\/uploads\/2022\/02\/logo-leier-inverse.png","contentUrl":"https:\/\/www.leier.sk\/wp-content\/uploads\/2022\/02\/logo-leier-inverse.png","width":582,"height":179,"caption":"Leier"},"image":{"@id":"https:\/\/www.leier.sk\/#\/schema\/logo\/image\/"},"sameAs":["https:\/\/www.facebook.com\/LeierSlovakia\/","https:\/\/www.youtube.com\/channel\/UC56YB_Knhf5YvAJK_Bk-hYg"]}]}},"_links":{"self":[{"href":"https:\/\/www.leier.sk\/en\/wp-json\/wp\/v2\/pages\/1867","targetHints":{"allow":["GET"]}}],"collection":[{"href":"https:\/\/www.leier.sk\/en\/wp-json\/wp\/v2\/pages"}],"about":[{"href":"https:\/\/www.leier.sk\/en\/wp-json\/wp\/v2\/types\/page"}],"author":[{"embeddable":true,"href":"https:\/\/www.leier.sk\/en\/wp-json\/wp\/v2\/users\/1"}],"replies":[{"embeddable":true,"href":"https:\/\/www.leier.sk\/en\/wp-json\/wp\/v2\/comments?post=1867"}],"version-history":[{"count":13,"href":"https:\/\/www.leier.sk\/en\/wp-json\/wp\/v2\/pages\/1867\/revisions"}],"predecessor-version":[{"id":5611,"href":"https:\/\/www.leier.sk\/en\/wp-json\/wp\/v2\/pages\/1867\/revisions\/5611"}],"wp:attachment":[{"href":"https:\/\/www.leier.sk\/en\/wp-json\/wp\/v2\/media?parent=1867"}],"curies":[{"name":"wp","href":"https:\/\/api.w.org\/{rel}","templated":true}]}}